{"id":849,"date":"2018-08-30T17:34:46","date_gmt":"2018-08-30T20:34:46","guid":{"rendered":"https:\/\/isfd100-bue.infd.edu.ar\/sitio\/ubicacion\/"},"modified":"2018-11-01T15:32:26","modified_gmt":"2018-11-01T18:32:26","slug":"ubicacion","status":"publish","type":"page","link":"https:\/\/isfd100-bue.infd.edu.ar\/sitio\/ubicacion\/","title":{"rendered":"Ubicaci\u00f3n"},"content":{"rendered":"<p style=\"text-align: left;\"><span style=\"font-size: 10pt;\"><img decoding=\"async\" src=\"https:\/\/isfd100-bue.infd.edu.ar\/sitio\/wp-content\/uploads\/2018\/08\/qUMLFesL8Pynimagen_incrustada1.png\" border=\"0\" \/><\/span><\/p>\n<p style=\"text-align: center;\"><span style=\"font-size: 10pt;\">El\u00a0Instituto\u00a0est\u00e1 ubicado en Av. Belgrano 355 entre Espa\u00f1a y Mariano Acosta, partido de Avellaneda. A una cuadra de la Av. Mitre, a dos cuadras del Puente Pueyrred\u00f3n y a seis cuadras de la estaci\u00f3n de Avellaneda.<\/span><\/p>\n","protected":false},"excerpt":{"rendered":"<p>El\u00a0Instituto\u00a0est\u00e1 ubicado en Av. Belgrano 355 entre Espa\u00f1a y Mariano Acosta, partido de Avellaneda. A una cuadra de la Av. Mitre, a dos cuadras del Puente Pueyrred\u00f3n y a seis cuadras de la estaci\u00f3n de Avellaneda.<\/p>\n","protected":false},"author":112,"featured_media":0,"parent":0,"menu_order":0,"comment_status":"closed","ping_status":"closed","template":"","meta":[],"acf":[],"_links":{"self":[{"href":"https:\/\/isfd100-bue.infd.edu.ar\/sitio\/wp-json\/wp\/v2\/pages\/849"}],"collection":[{"href":"https:\/\/isfd100-bue.infd.edu.ar\/sitio\/wp-json\/wp\/v2\/pages"}],"about":[{"href":"https:\/\/isfd100-bue.infd.edu.ar\/sitio\/wp-json\/wp\/v2\/types\/page"}],"author":[{"embeddable":true,"href":"https:\/\/isfd100-bue.infd.edu.ar\/sitio\/wp-json\/wp\/v2\/users\/112"}],"replies":[{"embeddable":true,"href":"https:\/\/isfd100-bue.infd.edu.ar\/sitio\/wp-json\/wp\/v2\/comments?post=849"}],"version-history":[{"count":2,"href":"https:\/\/isfd100-bue.infd.edu.ar\/sitio\/wp-json\/wp\/v2\/pages\/849\/revisions"}],"predecessor-version":[{"id":875,"href":"https:\/\/isfd100-bue.infd.edu.ar\/sitio\/wp-json\/wp\/v2\/pages\/849\/revisions\/875"}],"wp:attachment":[{"href":"https:\/\/isfd100-bue.infd.edu.ar\/sitio\/wp-json\/wp\/v2\/media?parent=849"}],"curies":[{"name":"wp","href":"https:\/\/api.w.org\/{rel}","templated":true}]}}