{"id":845,"date":"2018-08-29T17:34:43","date_gmt":"2018-08-29T20:34:43","guid":{"rendered":"https:\/\/isfd100-bue.infd.edu.ar\/sitio\/plan-de-estudios-2\/"},"modified":"2025-02-09T16:14:58","modified_gmt":"2025-02-09T19:14:58","slug":"plan-de-estudios-2","status":"publish","type":"page","link":"https:\/\/isfd100-bue.infd.edu.ar\/sitio\/plan-de-estudios-2\/","title":{"rendered":"Dise\u00f1os Curriculares de cada carrera (Profesorado)"},"content":{"rendered":"<p>Todas carreras son de 4 a\u00f1os de duraci\u00f3n.<\/p>\n<pre style=\"font-family: Arial;\">Planes de Estudios ( Dise\u00f1os curriculares vigentes a febrero\/marzo 2025)\n\n<a href=\"http:\/\/servicios.abc.gov.ar\/lainstitucion\/organismos\/consejogeneral\/disenioscurriculares\/documentosdescarga\/dcurricularsuperior.pdf\">Profesorado de Educaci\u00f3n Inicial<\/a>\n\n<a href=\"http:\/\/servicios.abc.gov.ar\/lainstitucion\/organismos\/consejogeneral\/disenioscurriculares\/documentosdescarga\/dcurricularsuperior.pdf\">Profesorado de Educaci\u00f3n Primaria<\/a>\u00a0\n\n<a href=\"http:\/\/Dise\u00f1o Curricular Profesorado de Educaci\u00f3n Secundaria en Biolog\u00eda\" data-wplink-url-error=\"true\">Profesorado de Educaci\u00f3n Secundaria en Biolog\u00eda<\/a>\n\n<a href=\"https:\/\/abc.gob.ar\/secretarias\/sites\/default\/files\/2024-03\/Economia.pdf\">Profesorado de Educaci\u00f3n Secundaria en Econom\u00eda<\/a> \n\n<a href=\"https:\/\/isfd40-bue.infd.edu.ar\/sitio\/profesorado-en-matematica\/upload\/5802_1806742_17_matematica.pdf\">Profesorado de Matem\u00e1tica <\/a>\n\n<a href=\"https:\/\/isfd52-bue.infd.edu.ar\/sitio\/nuevo-diseno-curricular-profesorado-de-ingles-2018\/upload\/anexo_disen_o_ingles.pdf\">Profesorado de Ingl\u00e9s<\/a>\n\n<a href=\"https:\/\/abc.gob.ar\/secretarias\/sites\/default\/files\/2024-03\/Qu%C3%ADmica_0.pdf\">Profesorado de Educaci\u00f3n Secundaria en Qu\u00edmica<\/a>\n\n\n<\/pre>\n","protected":false},"excerpt":{"rendered":"<p>Todas carreras son de 4 a\u00f1os de duraci\u00f3n. Planes de Estudios ( Dise\u00f1os curriculares vigentes a febrero\/marzo 2025) Profesorado de Educaci\u00f3n Inicial Profesorado de Educaci\u00f3n Primaria\u00a0 Profesorado de Educaci\u00f3n Secundaria en Biolog\u00eda Profesorado de Educaci\u00f3n Secundaria en Econom\u00eda Profesorado de Matem\u00e1tica Profesorado de Ingl\u00e9s Profesorado de Educaci\u00f3n Secundaria en Qu\u00edmica<\/p>\n","protected":false},"author":789,"featured_media":0,"parent":0,"menu_order":0,"comment_status":"closed","ping_status":"closed","template":"","meta":[],"acf":[],"_links":{"self":[{"href":"https:\/\/isfd100-bue.infd.edu.ar\/sitio\/wp-json\/wp\/v2\/pages\/845"}],"collection":[{"href":"https:\/\/isfd100-bue.infd.edu.ar\/sitio\/wp-json\/wp\/v2\/pages"}],"about":[{"href":"https:\/\/isfd100-bue.infd.edu.ar\/sitio\/wp-json\/wp\/v2\/types\/page"}],"author":[{"embeddable":true,"href":"https:\/\/isfd100-bue.infd.edu.ar\/sitio\/wp-json\/wp\/v2\/users\/789"}],"replies":[{"embeddable":true,"href":"https:\/\/isfd100-bue.infd.edu.ar\/sitio\/wp-json\/wp\/v2\/comments?post=845"}],"version-history":[{"count":6,"href":"https:\/\/isfd100-bue.infd.edu.ar\/sitio\/wp-json\/wp\/v2\/pages\/845\/revisions"}],"predecessor-version":[{"id":1375,"href":"https:\/\/isfd100-bue.infd.edu.ar\/sitio\/wp-json\/wp\/v2\/pages\/845\/revisions\/1375"}],"wp:attachment":[{"href":"https:\/\/isfd100-bue.infd.edu.ar\/sitio\/wp-json\/wp\/v2\/media?parent=845"}],"curies":[{"name":"wp","href":"https:\/\/api.w.org\/{rel}","templated":true}]}}