{"id":1668,"date":"2025-02-19T04:10:14","date_gmt":"2025-02-19T07:10:14","guid":{"rendered":"https:\/\/isfd100-bue.infd.edu.ar\/sitio\/?page_id=1668"},"modified":"2025-02-19T04:12:28","modified_gmt":"2025-02-19T07:12:28","slug":"concursos-docentes","status":"publish","type":"page","link":"https:\/\/isfd100-bue.infd.edu.ar\/sitio\/concursos-docentes\/","title":{"rendered":"CONCURSOS DOCENTES"},"content":{"rendered":"\n<p><\/p>\n\n\n\n<p class=\"has-medium-font-size\"><strong>Profesorado de Qu\u00edmica<\/strong><\/p>\n\n\n\n<p><a href=\"https:\/\/isfd100-bue.infd.edu.ar\/sitio\/wp-content\/uploads\/2025\/02\/PrA\u0303\u00a1ctica_III_taller_quA\u0303_mica.docx.pdf\" target=\"_blank\" rel=\"noreferrer noopener\">FEB\/25 &#8211; Pr\u00e1ctica Docente III (Taller) &#8211; 3er a\u00f1o &#8211; 2 m\u00f3d. + 1 m\u00f3d. EIP<\/a><\/p>\n\n\n\n<p class=\"has-medium-font-size\"><strong>Profesorado de Biolog\u00eda<\/strong><\/p>\n\n\n\n<p><a href=\"https:\/\/isfd100-bue.infd.edu.ar\/sitio\/wp-content\/uploads\/2025\/02\/CONCURSOS_DEL_PROFESORADO_DE_BIOLOGA\u0303_A_20251.docx.pdf\" target=\"_blank\" rel=\"noreferrer noopener\">FEB\/25 &#8211; Pr\u00e1ctica Docente III (en terreno) &#8211; 3er a\u00f1o &#8211; 3 m\u00f3d. + 1 m\u00f3d. EIP<\/a><\/p>\n\n\n\n<p><a href=\"https:\/\/isfd100-bue.infd.edu.ar\/sitio\/wp-content\/uploads\/2025\/02\/CONCURSOS_DEL_PROFESORADO_DE_BIOLOGA\u0303_A_20251.docx.pdf\" target=\"_blank\" rel=\"noreferrer noopener\">FEB\/25 &#8211; Pr\u00e1ctica Docente III (Taller) &#8211; 3er a\u00f1o &#8211; 2 m\u00f3d. + 1 m\u00f3d. EIP<\/a><\/p>\n\n\n\n<p><a href=\"https:\/\/isfd100-bue.infd.edu.ar\/sitio\/wp-content\/uploads\/2025\/02\/CONCURSOS_DEL_PROFESORADO_DE_BIOLOGA\u0303_A_20251.docx.pdf\" target=\"_blank\" rel=\"noreferrer noopener\">FEB\/25 &#8211; Did\u00e1ctica de las Cs. Naturales &#8211; 2do a\u00f1o &#8211; 2m\u00f3d. <\/a><\/p>\n\n\n\n<p><a href=\"https:\/\/isfd100-bue.infd.edu.ar\/sitio\/wp-content\/uploads\/2025\/02\/CONCURSOS_DEL_PROFESORADO_DE_BIOLOGA\u0303_A_20251.docx.pdf\" target=\"_blank\" rel=\"noreferrer noopener\">FEB\/25 &#8211; Biolog\u00eda y su ense\u00f1anza (Plan viejo) &#8211; 4to a\u00f1o &#8211; 2 m\u00f3d.<\/a><\/p>\n","protected":false},"excerpt":{"rendered":"<p>Profesorado de Qu\u00edmica FEB\/25 &#8211; Pr\u00e1ctica Docente III (Taller) &#8211; 3er a\u00f1o &#8211; 2 m\u00f3d. + 1 m\u00f3d. EIP Profesorado de Biolog\u00eda FEB\/25 &#8211; Pr\u00e1ctica Docente III (en terreno) &#8211; 3er a\u00f1o &#8211; 3 m\u00f3d. + 1 m\u00f3d. EIP FEB\/25 &#8211; Pr\u00e1ctica Docente III (Taller) &#8211; 3er a\u00f1o &#8211; 2 m\u00f3d. + 1 m\u00f3d. EIP &#8230; <a title=\"CONCURSOS DOCENTES\" class=\"read-more\" href=\"https:\/\/isfd100-bue.infd.edu.ar\/sitio\/concursos-docentes\/\" aria-label=\"More on CONCURSOS DOCENTES\">[+]<\/a><\/p>\n","protected":false},"author":579,"featured_media":0,"parent":0,"menu_order":0,"comment_status":"closed","ping_status":"closed","template":"","meta":[],"acf":[],"_links":{"self":[{"href":"https:\/\/isfd100-bue.infd.edu.ar\/sitio\/wp-json\/wp\/v2\/pages\/1668"}],"collection":[{"href":"https:\/\/isfd100-bue.infd.edu.ar\/sitio\/wp-json\/wp\/v2\/pages"}],"about":[{"href":"https:\/\/isfd100-bue.infd.edu.ar\/sitio\/wp-json\/wp\/v2\/types\/page"}],"author":[{"embeddable":true,"href":"https:\/\/isfd100-bue.infd.edu.ar\/sitio\/wp-json\/wp\/v2\/users\/579"}],"replies":[{"embeddable":true,"href":"https:\/\/isfd100-bue.infd.edu.ar\/sitio\/wp-json\/wp\/v2\/comments?post=1668"}],"version-history":[{"count":2,"href":"https:\/\/isfd100-bue.infd.edu.ar\/sitio\/wp-json\/wp\/v2\/pages\/1668\/revisions"}],"predecessor-version":[{"id":1673,"href":"https:\/\/isfd100-bue.infd.edu.ar\/sitio\/wp-json\/wp\/v2\/pages\/1668\/revisions\/1673"}],"wp:attachment":[{"href":"https:\/\/isfd100-bue.infd.edu.ar\/sitio\/wp-json\/wp\/v2\/media?parent=1668"}],"curies":[{"name":"wp","href":"https:\/\/api.w.org\/{rel}","templated":true}]}}