{"id":1630,"date":"2025-02-14T00:06:47","date_gmt":"2025-02-14T03:06:47","guid":{"rendered":"https:\/\/isfd100-bue.infd.edu.ar\/sitio\/?page_id=1630"},"modified":"2025-02-14T01:29:58","modified_gmt":"2025-02-14T04:29:58","slug":"documentos-descargas-para-docentes","status":"publish","type":"page","link":"https:\/\/isfd100-bue.infd.edu.ar\/sitio\/documentos-descargas-para-docentes\/","title":{"rendered":"Documentos-Descargas para docentes"},"content":{"rendered":"\n<p>Desde esta secci\u00f3n se pueden descargar los formularios de uso com\u00fan para el nivel que se encuentran en el Manual de Procedimientos Administrativos para los institutos de Educaci\u00f3n Superior<\/p>\n\n\n\n<p class=\"has-medium-font-size\"><strong>DOCENTES<\/strong>&nbsp;(todos est\u00e1n indicados con la letra D seguidos de un numero)<\/p>\n\n\n\n<div class=\"wp-block-buttons is-layout-flex\">\n<div class=\"wp-block-button\"><a class=\"wp-block-button__link has-contrast-color has-blush-light-purple-gradient-background has-text-color has-background wp-element-button\"><strong>FORMULARIOS \u00daTILES<\/strong><\/a><\/div>\n<\/div>\n\n\n\n<p class=\"has-accent-color has-text-color\"><strong>D1 Declaraci\u00f3n Jurada de Superior<\/strong>    (<a href=\"https:\/\/isfd100-bue.infd.edu.ar\/sitio\/wp-content\/uploads\/2025\/02\/Declaracion-Jurada-de-Cargos_0.pdf\" target=\"_blank\" rel=\"noreferrer noopener\">Nueva en Formato Excel<\/a>)  &#8211;  (<a href=\"https:\/\/isfd100-bue.infd.edu.ar\/sitio\/wp-content\/uploads\/2025\/02\/Declaracion-Jurada-de-Cargos_0-1.pdf\" target=\"_blank\" rel=\"noreferrer noopener\">Nueva en Formato PDF<\/a>)  &#8211;  (<a href=\"https:\/\/isfd100-bue.infd.edu.ar\/sitio\/wp-content\/uploads\/2025\/02\/Declaracion-Jurada-Superior-en-blanco.docx\" target=\"_blank\" rel=\"noreferrer noopener\">Anterior en formato Word<\/a>)<\/p>\n\n\n\n<p><strong><a href=\"https:\/\/isfd100-bue.infd.edu.ar\/sitio\/wp-content\/uploads\/2025\/02\/D2-Legajo-del-personal-docente.pdf\" target=\"_blank\" rel=\"noreferrer noopener\">D2 Legajo del personal docente<\/a><\/strong><\/p>\n\n\n\n<p><strong><a href=\"https:\/\/isfd100-bue.infd.edu.ar\/sitio\/wp-content\/uploads\/2025\/02\/D3-Actualizacion-legajo-docente.pdf\" target=\"_blank\" rel=\"noreferrer noopener\">D3 Actualizaci\u00f3n legajo docente<\/a><\/strong><\/p>\n\n\n\n<p><strong><a href=\"https:\/\/isfd100-bue.infd.edu.ar\/sitio\/wp-content\/uploads\/2025\/02\/D6b-Solicitud-de-justificacion-de-llegada-tarde-o-retiro-anticipado.pdf\" target=\"_blank\" rel=\"noreferrer noopener\">D6b Solicitud de justificaci\u00f3n de \u201cllegada tarde\u201d y\/o retiro \u201canticipado\u201d<\/a><\/strong><\/p>\n\n\n\n<p><strong><a href=\"https:\/\/isfd100-bue.infd.edu.ar\/sitio\/wp-content\/uploads\/2025\/02\/D7a-Renuncia-por-causas-particulares-titulares.pdf\" target=\"_blank\" rel=\"noreferrer noopener\">D7a Renuncia por causas particulares (personal docente titular exclusivamente)<\/a><\/strong><\/p>\n\n\n\n<p><strong><a href=\"https:\/\/isfd100-bue.infd.edu.ar\/sitio\/wp-content\/uploads\/2025\/02\/D7b-Renuncia-a-modulos-horas-catedras-provisionales-o-suplentes.pdf\" target=\"_blank\" rel=\"noreferrer noopener\">D7b Renuncia a m\u00f3dulos\/horas c\u00e1tedra provisionales o suplentes<\/a><\/strong><\/p>\n\n\n\n<p><strong><a href=\"https:\/\/isfd100-bue.infd.edu.ar\/sitio\/wp-content\/uploads\/2025\/02\/D10a-Constancia-de-asistencia.pdf\" target=\"_blank\" rel=\"noreferrer noopener\">D10a Constancia de asistencia<\/a><\/strong><\/p>\n\n\n\n<p><strong><a href=\"https:\/\/isfd100-bue.infd.edu.ar\/sitio\/wp-content\/uploads\/2025\/02\/D10b-Constancia-a-mesa-examinadora.pdf\" target=\"_blank\" rel=\"noreferrer noopener\">D10b Constancia de asistencia a mesa examinadora<\/a><\/strong><\/p>\n\n\n\n<p><strong><a href=\"https:\/\/isfd100-bue.infd.edu.ar\/sitio\/wp-content\/uploads\/2025\/02\/D10c-Constancia-de-desempeno-y-de-asistencia-a-practica.pdf\" target=\"_blank\" rel=\"noreferrer noopener\">D10c Constancia de desempe\u00f1o en el instituto y de asistencia a Pr\u00e1ctica<\/a><\/strong><\/p>\n\n\n\n<p><strong><a href=\"https:\/\/isfd100-bue.infd.edu.ar\/sitio\/wp-content\/uploads\/2025\/02\/D10d-Certificacion-de-servicios.pdf\" target=\"_blank\" rel=\"noreferrer noopener\">D10d Certificaci\u00f3n de servicios<\/a><\/strong><\/p>\n\n\n\n<p><strong><a href=\"https:\/\/isfd100-bue.infd.edu.ar\/sitio\/wp-content\/uploads\/2025\/02\/DF_Ficha-de-SALUD.pdf\" target=\"_blank\" rel=\"noreferrer noopener\">Ficha de SALUD<\/a><\/strong><\/p>\n\n\n\n<div class=\"wp-block-buttons is-layout-flex\">\n<div class=\"wp-block-button\"><a class=\"wp-block-button__link has-contrast-color has-blush-light-purple-gradient-background has-text-color has-background wp-element-button\"><strong>OTROS FORMULARIOS Y\/O INFORMACI\u00d3N \u00daTIL<\/strong><\/a><\/div>\n<\/div>\n\n\n\n<p><strong><a rel=\"noreferrer noopener\" href=\"https:\/\/isfd100-bue.infd.edu.ar\/sitio\/wp-content\/uploads\/2025\/02\/D_Constancia-General_100-1.pdf\" target=\"_blank\">Constancia general<\/a><\/strong><\/p>\n\n\n\n<p><strong><a href=\"https:\/\/isfd100-bue.infd.edu.ar\/sitio\/wp-content\/uploads\/2025\/02\/Funcionamiento-del-sistema-Licencias-Medicas.pdf\" target=\"_blank\" rel=\"noreferrer noopener\">Funcionamiento del sistema de Licencias M\u00e9dicas \u2013 Orientaci\u00f3n&nbsp;para los agentes<\/a><\/strong><\/p>\n\n\n\n<p><strong><a href=\"https:\/\/isfd100-bue.infd.edu.ar\/sitio\/wp-content\/uploads\/2025\/02\/formulario-de-interrupcion-de-licencias-por-vacaciones.pdf\" target=\"_blank\" rel=\"noreferrer noopener\">Formulario de interrupci\u00f3n&nbsp;de Licencia Anual Obligatoria (vacaciones)<\/a><\/strong><\/p>\n\n\n\n<p><strong><a href=\"https:\/\/isfd100-bue.infd.edu.ar\/sitio\/wp-content\/uploads\/2025\/02\/Formulario-354.doc\" target=\"_blank\" rel=\"noreferrer noopener\">Formulario 354 \u2013 Reclamo de antig\u00fcedad&nbsp;<\/a><\/strong><\/p>\n\n\n\n<div class=\"wp-block-buttons is-layout-flex\">\n<div class=\"wp-block-button\"><a class=\"wp-block-button__link has-contrast-color has-blush-light-purple-gradient-background has-text-color has-background wp-element-button\"><strong>TR\u00c1MITES AFILIATORIOS IOMA<\/strong><\/a><\/div>\n<\/div>\n\n\n\n<p><strong><a href=\"https:\/\/www.ioma.gba.gob.ar\/index.php\/como-me-afilio-a-ioma\/\" target=\"_blank\" rel=\"noreferrer noopener\">Instructivos , pasos a seguir y preguntas frecuentes: Ingresa en Web de IOMA (haciendo click aqu\u00ed)<\/a><\/strong><\/p>\n\n\n\n<p><strong><a href=\"https:\/\/isfd100-bue.infd.edu.ar\/sitio\/wp-content\/uploads\/2025\/02\/FICHA-AFILIADOS-OBLIGATORIOS.pdf\" target=\"_blank\" rel=\"noreferrer noopener\">Ficha de IOMA<\/a><\/strong><\/p>\n\n\n\n<div class=\"wp-block-buttons is-layout-flex\">\n<div class=\"wp-block-button\"><a class=\"wp-block-button__link has-contrast-color has-blush-light-purple-gradient-background has-text-color has-background wp-element-button\"><strong>OTROS ARCHIVOS Y\/O FORMULARIOS DE INTER\u00c9S<\/strong><\/a><\/div>\n<\/div>\n\n\n\n<p><strong><a href=\"https:\/\/isfd100-bue.infd.edu.ar\/sitio\/wp-content\/uploads\/2025\/02\/art_18_imputacion_4ta_categoria_actualizacion_impuesto-a-las-ganancias.pdf\" target=\"_blank\" rel=\"noreferrer noopener\">Impuesto a las Ganancias \u2013 Art. 8 Imputaci\u00f3n&nbsp;4ta categor\u00eda&nbsp;<\/a><\/strong><\/p>\n\n\n\n<p><strong><a href=\"https:\/\/isfd100-bue.infd.edu.ar\/sitio\/wp-content\/uploads\/2025\/02\/jubilacion-digital-instructivo-rl_0.pdf\" target=\"_blank\" rel=\"noreferrer noopener\">Jubilaci\u00f3n&nbsp;Digital \u2013 Instructivo&nbsp;<\/a><\/strong><\/p>\n\n\n\n<p><strong><a rel=\"noreferrer noopener\" href=\"https:\/\/isfd100-bue.infd.edu.ar\/sitio\/wp-content\/uploads\/2025\/02\/CAUSAS-PARTICULARES.pdf\" target=\"_blank\">Licencia 114 O4<\/a><\/strong> (Causas Particulares)<\/p>\n\n\n\n<p><strong><a href=\"https:\/\/isfd100-bue.infd.edu.ar\/sitio\/wp-content\/uploads\/2025\/02\/Formulario-solicitud-de-licencias-114-y-115.pdf\" target=\"_blank\" rel=\"noreferrer noopener\">Licencia 114 \u2013 115 D1 \u2013 Decreto N\u00b0 688\/93<\/a><\/strong><\/p>\n\n\n\n<p><strong><a rel=\"noreferrer noopener\" href=\"https:\/\/isfd100-bue.infd.edu.ar\/sitio\/wp-content\/uploads\/2025\/02\/formulario-licencia-115-a1_Resolucion-nro-5677-08-Anexo-unico.pdf\" target=\"_blank\">Licencia 115 A1 \u2013 Resoluci\u00f3n N\u00b0 5677\/08<\/a><\/strong><\/p>\n\n\n\n<p><strong><a href=\"https:\/\/isfd100-bue.infd.edu.ar\/sitio\/wp-content\/uploads\/2025\/02\/Nota-Modelo-Solicitud-de-Licencia-1.docx\" target=\"_blank\" rel=\"noreferrer noopener\">Nota modelo para solicitud de licencia (formato Word)<\/a><\/strong><\/p>\n\n\n\n<p><strong><a href=\"https:\/\/isfd100-bue.infd.edu.ar\/sitio\/wp-content\/uploads\/2025\/02\/ManualLM.pdf\" target=\"_blank\" rel=\"noreferrer noopener\">Manual de licencias m\u00e9dicas<\/a><\/strong><\/p>\n\n\n\n<p><strong><a href=\"https:\/\/isfd100-bue.infd.edu.ar\/sitio\/wp-content\/uploads\/2025\/02\/nota-inasistencia-causas-climaticas.doc\" target=\"_blank\" rel=\"noreferrer noopener\">Nota para justificar inasistencia por inclemencia&nbsp;clim\u00e1tica<\/a><\/strong><\/p>\n\n\n\n<p><strong><a href=\"https:\/\/isfd100-bue.infd.edu.ar\/sitio\/wp-content\/uploads\/2025\/02\/reconocimiento_de_servicios_de_escuelas_no_oficiales_instructivo.pdf\" target=\"_blank\" rel=\"noreferrer noopener\">Reconocimiento de antig\u00fcedad&nbsp;docente de otros organismos<\/a><\/strong><\/p>\n\n\n\n<p><strong><a href=\"https:\/\/isfd100-bue.infd.edu.ar\/sitio\/wp-content\/uploads\/2025\/02\/instructivo_sistema_de_reclamos.pdf\" target=\"_blank\" rel=\"noreferrer noopener\">Sistema de reclamos \u2013 Instructivo<\/a><\/strong><\/p>\n\n\n\n<p><strong><a href=\"https:\/\/isfd100-bue.infd.edu.ar\/sitio\/wp-content\/uploads\/2025\/02\/licencia-para-la-realizacin-de-exmenes-preventivos-42384.pdf\" target=\"_blank\" rel=\"noreferrer noopener\">Licencia para la realizaci\u00f3n de ex\u00e1menes m\u00e9dico preventivos<\/a><\/strong><\/p>\n","protected":false},"excerpt":{"rendered":"<p>Desde esta secci\u00f3n se pueden descargar los formularios de uso com\u00fan para el nivel que se encuentran en el Manual de Procedimientos Administrativos para los institutos de Educaci\u00f3n Superior DOCENTES&nbsp;(todos est\u00e1n indicados con la letra D seguidos de un numero) D1 Declaraci\u00f3n Jurada de Superior (Nueva en Formato Excel) &#8211; (Nueva en Formato PDF) &#8211; &#8230; <a title=\"Documentos-Descargas para docentes\" class=\"read-more\" href=\"https:\/\/isfd100-bue.infd.edu.ar\/sitio\/documentos-descargas-para-docentes\/\" aria-label=\"More on Documentos-Descargas para docentes\">[+]<\/a><\/p>\n","protected":false},"author":579,"featured_media":0,"parent":0,"menu_order":0,"comment_status":"closed","ping_status":"closed","template":"","meta":[],"acf":[],"_links":{"self":[{"href":"https:\/\/isfd100-bue.infd.edu.ar\/sitio\/wp-json\/wp\/v2\/pages\/1630"}],"collection":[{"href":"https:\/\/isfd100-bue.infd.edu.ar\/sitio\/wp-json\/wp\/v2\/pages"}],"about":[{"href":"https:\/\/isfd100-bue.infd.edu.ar\/sitio\/wp-json\/wp\/v2\/types\/page"}],"author":[{"embeddable":true,"href":"https:\/\/isfd100-bue.infd.edu.ar\/sitio\/wp-json\/wp\/v2\/users\/579"}],"replies":[{"embeddable":true,"href":"https:\/\/isfd100-bue.infd.edu.ar\/sitio\/wp-json\/wp\/v2\/comments?post=1630"}],"version-history":[{"count":3,"href":"https:\/\/isfd100-bue.infd.edu.ar\/sitio\/wp-json\/wp\/v2\/pages\/1630\/revisions"}],"predecessor-version":[{"id":1667,"href":"https:\/\/isfd100-bue.infd.edu.ar\/sitio\/wp-json\/wp\/v2\/pages\/1630\/revisions\/1667"}],"wp:attachment":[{"href":"https:\/\/isfd100-bue.infd.edu.ar\/sitio\/wp-json\/wp\/v2\/media?parent=1630"}],"curies":[{"name":"wp","href":"https:\/\/api.w.org\/{rel}","templated":true}]}}