{"id":1422,"date":"2025-02-09T19:31:59","date_gmt":"2025-02-09T22:31:59","guid":{"rendered":"https:\/\/isfd100-bue.infd.edu.ar\/sitio\/?page_id=1422"},"modified":"2025-02-11T17:08:07","modified_gmt":"2025-02-11T20:08:07","slug":"preguntas-frecuentes","status":"publish","type":"page","link":"https:\/\/isfd100-bue.infd.edu.ar\/sitio\/preguntas-frecuentes\/","title":{"rendered":"Preguntas frecuentes"},"content":{"rendered":"\n<h1 class=\"wp-block-heading has-accent-color has-text-color\">Algunas respuestas&#8230;<\/h1>\n\n\n\n<div class=\"wp-block-buttons is-layout-flex\">\n<div class=\"wp-block-button\"><a class=\"wp-block-button__link has-accent-background-color has-background wp-element-button\"><strong>\u00bfSe puede cursar a DISTANCIA y\/o de forma VIRTUAL alguna de las carreras?<\/strong><\/a><\/div>\n<\/div>\n\n\n\n<p><strong>No<\/strong>. Por las caracter\u00edsticas de una carrera de Formaci\u00f3n Docente, todas las carreras se dictan en MODALIDAD PRESENCIAL; sin embargo, a partir de 2025 algunas de las materias que conforman la curr\u00edcula de cada plan de estudios podr\u00e1n ofrecerse en modalidad semipresencial a criterio de cada Departamento y en acuerdo con los\/as docentes a cargo de las mismas.<\/p>\n\n\n\n<div class=\"wp-block-buttons is-layout-flex\">\n<div class=\"wp-block-button\"><a class=\"wp-block-button__link has-accent-background-color has-background wp-element-button\"><strong>\u00bfD\u00f3nde queda el ISFD N\u00b0100?<\/strong><\/a><\/div>\n<\/div>\n\n\n\n<p class=\"has-contrast-color has-text-color\">Queda en Av. Belgrano 355 (Avellaneda) a pocos metros de la bajada del Puente Pueyrred\u00f3n y a tan solo unas 10 cuadras de la Estaci\u00f3n Avellaneda<\/p>\n\n\n\n<p>Su sede es la llamada \u00abENSPA de Avellaneda\u00bb (ya que es una ex Escuela Normal y hoy por hoy es una Unidad Acad\u00e9mica)<\/p>\n\n\n\n<div class=\"wp-block-buttons is-layout-flex\">\n<div class=\"wp-block-button\"><a class=\"wp-block-button__link has-accent-background-color has-background wp-element-button\"><strong>\u00bfQu\u00e9 clase de t\u00edtulos otorgan?<\/strong><\/a><\/div>\n<\/div>\n\n\n\n<p>Se trata de una instituci\u00f3n<strong>&nbsp;p\u00fablica y gratuita<\/strong>&nbsp;de la Provincia de Bs. As. Nuestros t\u00edtulos son&nbsp;<strong>oficiales y  poseen validez nacional<\/strong>.<\/p>\n\n\n\n<div class=\"wp-block-buttons is-layout-flex\">\n<div class=\"wp-block-button\"><a class=\"wp-block-button__link has-accent-background-color has-background wp-element-button\"><strong>\u00bfCu\u00e1les son los horarios?<\/strong><\/a><\/div>\n<\/div>\n\n\n\n<p class=\"has-contrast-color has-text-color\">El instituto s\u00f3lo funciona en el TURNO VESPERTINO dictando clases en el horario de 18:30 a 22:30 hs.<\/p>\n\n\n\n<div class=\"wp-block-buttons is-layout-flex\">\n<div class=\"wp-block-button\"><a class=\"wp-block-button__link has-accent-background-color has-background wp-element-button\"><strong>\u00bfQu\u00e9 carreras se cursan?<\/strong><\/a><\/div>\n<\/div>\n\n\n\n<p>Profesorado de&nbsp;<strong>Educaci\u00f3n Inicial<\/strong>&nbsp;<\/p>\n\n\n\n<p>Profesorado de&nbsp;<strong>Educaci\u00f3n Primaria<\/strong>&nbsp;<\/p>\n\n\n\n<p>Profesorado de&nbsp;<strong>Ingl\u00e9s<\/strong>&nbsp;(habilita para el ejercicio en nivel Inicial, Primario y Secundario) <\/p>\n\n\n\n<p>Profesorado de Educaci\u00f3n Secundaria en&nbsp;<strong>Biolog\u00eda<\/strong>&nbsp;<\/p>\n\n\n\n<p>Profesorado de Educaci\u00f3n Secundaria en<strong>&nbsp;Qu\u00edmica<\/strong><\/p>\n\n\n\n<p>Profesorado de Educaci\u00f3n Secundaria en&nbsp;<strong>Econom\u00eda<\/strong><\/p>\n\n\n\n<p>Profesorado de Educaci\u00f3n Secundaria en&nbsp;<strong>Matem\u00e1tica<\/strong><\/p>\n\n\n\n<div class=\"wp-block-buttons is-layout-flex\">\n<div class=\"wp-block-button\"><a class=\"wp-block-button__link has-accent-background-color has-background wp-element-button\"><strong>\u00bfCu\u00e1l es la duraci\u00f3n de la carrera?<\/strong><\/a><\/div>\n<\/div>\n\n\n\n<p>Los planes de estudios tienen una <strong>duraci\u00f3n estimada de 4 a\u00f1os<\/strong>; no obstante, cada estudiante ir\u00e1 procurando su propio recorrido<\/p>\n\n\n\n<div class=\"wp-block-buttons is-layout-flex\">\n<div class=\"wp-block-button\"><a class=\"wp-block-button__link has-accent-background-color has-background wp-element-button\"><strong>\u00bfD\u00f3nde puedo consultar el Plan de Estudios?<\/strong><\/a><\/div>\n<\/div>\n\n\n\n<p class=\"has-contrast-color has-text-color\">En nuestra web oficial  Men\u00fa: PROFESORADOS haciendo click sobre el nombre de cada Profesorado podr\u00e1s acceder a informaci\u00f3n acerca de el t\u00edtulo que otorga, el perfil del\/de la egresado\/a, los prop\u00f3sitos que persigue la carrera.<\/p>\n\n\n\n<div class=\"wp-block-buttons is-layout-flex\">\n<div class=\"wp-block-button\"><a class=\"wp-block-button__link has-accent-background-color has-background wp-element-button\"><strong>Si adeudo materias del secundario \u00bfme puedo inscribir?<\/strong><\/a><\/div>\n<\/div>\n\n\n\n<p class=\"has-contrast-color has-text-color\"><strong>S\u00ed <\/strong>(aunque dicha Inscripci\u00f3n es condicional)<\/p>\n\n\n\n<div class=\"wp-block-buttons is-layout-flex\">\n<div class=\"wp-block-button\"><a class=\"wp-block-button__link has-accent-background-color has-background wp-element-button\"><strong>\u00bfHay tope de edad para cursar?<\/strong><\/a><\/div>\n<\/div>\n\n\n\n<p class=\"has-contrast-color has-text-color\"><strong>No<\/strong><\/p>\n","protected":false},"excerpt":{"rendered":"<p>Algunas respuestas&#8230; No. Por las caracter\u00edsticas de una carrera de Formaci\u00f3n Docente, todas las carreras se dictan en MODALIDAD PRESENCIAL; sin embargo, a partir de 2025 algunas de las materias que conforman la curr\u00edcula de cada plan de estudios podr\u00e1n ofrecerse en modalidad semipresencial a criterio de cada Departamento y en acuerdo con los\/as docentes &#8230; <a title=\"Preguntas frecuentes\" class=\"read-more\" href=\"https:\/\/isfd100-bue.infd.edu.ar\/sitio\/preguntas-frecuentes\/\" aria-label=\"More on Preguntas frecuentes\">[+]<\/a><\/p>\n","protected":false},"author":579,"featured_media":0,"parent":0,"menu_order":0,"comment_status":"closed","ping_status":"closed","template":"","meta":[],"acf":[],"_links":{"self":[{"href":"https:\/\/isfd100-bue.infd.edu.ar\/sitio\/wp-json\/wp\/v2\/pages\/1422"}],"collection":[{"href":"https:\/\/isfd100-bue.infd.edu.ar\/sitio\/wp-json\/wp\/v2\/pages"}],"about":[{"href":"https:\/\/isfd100-bue.infd.edu.ar\/sitio\/wp-json\/wp\/v2\/types\/page"}],"author":[{"embeddable":true,"href":"https:\/\/isfd100-bue.infd.edu.ar\/sitio\/wp-json\/wp\/v2\/users\/579"}],"replies":[{"embeddable":true,"href":"https:\/\/isfd100-bue.infd.edu.ar\/sitio\/wp-json\/wp\/v2\/comments?post=1422"}],"version-history":[{"count":6,"href":"https:\/\/isfd100-bue.infd.edu.ar\/sitio\/wp-json\/wp\/v2\/pages\/1422\/revisions"}],"predecessor-version":[{"id":1572,"href":"https:\/\/isfd100-bue.infd.edu.ar\/sitio\/wp-json\/wp\/v2\/pages\/1422\/revisions\/1572"}],"wp:attachment":[{"href":"https:\/\/isfd100-bue.infd.edu.ar\/sitio\/wp-json\/wp\/v2\/media?parent=1422"}],"curies":[{"name":"wp","href":"https:\/\/api.w.org\/{rel}","templated":true}]}}