{"id":1405,"date":"2025-02-09T18:46:04","date_gmt":"2025-02-09T21:46:04","guid":{"rendered":"https:\/\/isfd100-bue.infd.edu.ar\/sitio\/?page_id=1405"},"modified":"2025-02-13T02:18:26","modified_gmt":"2025-02-13T05:18:26","slug":"ingresantes","status":"publish","type":"page","link":"https:\/\/isfd100-bue.infd.edu.ar\/sitio\/ingresantes\/","title":{"rendered":"INGRESANTES"},"content":{"rendered":"\n<h1 class=\"wp-block-heading\">INGRESANTES 2025<\/h1>\n\n\n\n<h4 class=\"wp-block-heading\"><strong>Desde el 17 de febrero al 14 de marzo se re abre la inscripci\u00f3n para ingresantes 2025, de lunes a viernes de 18:30 a 20:00 hs.<\/strong><\/h4>\n\n\n\n<h4 class=\"wp-block-heading\">La inscripci\u00f3n continuar\u00e1 abierta SOLO para aquellas carreras que a\u00fan cuenten con vacantes.<\/h4>\n\n\n\n<p><strong>IMPORTANTE<\/strong>:<\/p>\n\n\n\n<p>DEBEN CONCURRIR A INSCRIBIRSE EN EL TURNO VESPERTINO (HORARIO EN QUE FUNCIONA EL INSTITUTO)<\/p>\n\n\n\n<p>\u00bfCU\u00c1L ES LA DOCUMENTACI\u00d3N A PRESENTAR?<\/p>\n\n\n\n<p>RECUERDEN QUE NO ES OBLIGATORIO EN ESTA ETAPA PRESENTAR LA TOTALIDAD DE LA DOCUMENTACI\u00d3N REQUERIDA (TENDR\u00c1N TIEMPO PARA COMPLETARLA HASTA EL 31 DE MARZO 2025).<\/p>\n\n\n\n<p><strong>-Solicitud de Inscripci\u00f3n<\/strong>:&nbsp;Es un formulario que se puede descargar desde este link: <a rel=\"noreferrer noopener\" href=\"https:\/\/isfd100-bue.infd.edu.ar\/sitio\/wp-content\/uploads\/2025\/02\/Formacion-Docente-inicial-Tecnica-y-Artistica-Planilla-de-inscripcion-Educacion-Superior_0.pdf\" target=\"_blank\">FORMULARIO DE INSCRIPCI\u00d3N<\/a>, imprimir, llevar cumplimentado o bien completar ese mismo d\u00eda (llevar birome, de todos modos y, por las dudas, una copia m\u00e1s impresa sin completar).&nbsp;<\/p>\n\n\n\n<p><strong>-Fotocopia del DNI&nbsp;<\/strong>:Tanto del anverso como as\u00ed tambi\u00e9n del reverso.<\/p>\n\n\n\n<p><strong>-2 fotos carnet 4\u00d74 de frente fondo blanco<\/strong>.<\/p>\n\n\n\n<p><strong>&#8211; Una carpeta tres (3) solapas COLOR VERDE<\/strong><\/p>\n\n\n\n<p><strong>&#8211; Fotocopias de la PARTIDA DE NACIMIENTO (revisar que se encuentre legible)<\/strong><\/p>\n\n\n\n<p><strong>-T\u00edtulo de Escuela Secundaria:&nbsp;<\/strong><em>si es anterior al a\u00f1o 2010<\/em>, con sello del Ministerio del Interior. Si es posterior no se requiere dicho sello. Si todav\u00eda no ten\u00e9s el t\u00edtulo deb\u00e9s pedir en la escuela secundaria un&nbsp;<strong>certificado de t\u00edtulo en tr\u00e1mite actualizado<\/strong>&nbsp;(vence cada 60 d\u00edas).&nbsp;<\/p>\n\n\n\n<p>Quienes se inscriben con<strong>&nbsp;constancia de alumno regular<\/strong>,&nbsp;<em>adeudando alguna\/s asignatura\/s<\/em>,&nbsp; informamos que tendr\u00e1n una&nbsp;&nbsp;<em>inscripci\u00f3n condicional&nbsp;<\/em>&nbsp;hasta MAYO 2025, fecha en que deber\u00e1n rendir y aprobar la o las materias adeudadas. Recordamos que&nbsp; NO SE PUEDEN INSCRIBIR SI ADEUDAN CURSADAS DE ASIGNATURAS.&nbsp;<\/p>\n\n\n\n<p><strong>-Certificado de apto psico-f\u00edsico firmado por m\u00e9dico<\/strong>:&nbsp;donde conste que el estudiante: (Apellido y nombre), DNI N\u00b0\u2026 est\u00e1 apto psicof\u00edsicamente para iniciar estudios superiores. Esta constancia podr\u00e1 ser emitida por una entidad p\u00fablica o privada.<\/p>\n\n\n\n<p><strong>-Constancia de pago de Cooperadora:&nbsp;<\/strong>MONTO PARA INSCRIPTOS 2025 $50.000 para todas las carreras. A pesar de ser un pago voluntario es imprescindible para poder tener un buen funcionamiento en lo que refiere a higiene, materiales administrativos, libros de actas, libros matrices, libretas del estudiante, resmas de papel, etc.&nbsp; <\/p>\n\n\n\n<p class=\"has-accent-color has-text-color\"><strong>El d\u00eda de tu INSCRIPICI\u00d3N pod\u00e9s realizar el PAGO TOTAL o bien efectuar un PAGO PARCIAL de la CUOTA ANUAL de COOPERADORA; recordar que es importante para el funcionamiento de toda la Instituci\u00f3n. All\u00ed mismo, una vez efectuado el pago, te entregar\u00e1n el comprobante para que presentes junto con la documentaci\u00f3n.<\/strong><\/p>\n\n\n\n<p>Pod\u00e9s consultar las PREGUNTAS FRECUENTES y revisar el Plan de Estudios de cada carrera en el men\u00fa principal del sitio: INICIO\/PROFESORADOS.<\/p>\n\n\n\n<h3 class=\"wp-block-heading\"><strong>Charlas informativas a ingresantes 2025:<\/strong><\/h3>\n\n\n\n<ul>\n<li>Se ir\u00e1n anunciando por esta v\u00eda conforme se vayan acordando los d\u00edas y horarios.<\/li>\n<\/ul>\n\n\n\n<p><strong>\u00a1Los y las esperamos!<\/strong><\/p>\n\n\n\n<h3 class=\"wp-block-heading\"><\/h3>\n","protected":false},"excerpt":{"rendered":"<p>INGRESANTES 2025 Desde el 17 de febrero al 14 de marzo se re abre la inscripci\u00f3n para ingresantes 2025, de lunes a viernes de 18:30 a 20:00 hs. La inscripci\u00f3n continuar\u00e1 abierta SOLO para aquellas carreras que a\u00fan cuenten con vacantes. IMPORTANTE: DEBEN CONCURRIR A INSCRIBIRSE EN EL TURNO VESPERTINO (HORARIO EN QUE FUNCIONA EL &#8230; <a title=\"INGRESANTES\" class=\"read-more\" href=\"https:\/\/isfd100-bue.infd.edu.ar\/sitio\/ingresantes\/\" aria-label=\"More on INGRESANTES\">[+]<\/a><\/p>\n","protected":false},"author":579,"featured_media":0,"parent":0,"menu_order":0,"comment_status":"closed","ping_status":"closed","template":"","meta":[],"acf":[],"_links":{"self":[{"href":"https:\/\/isfd100-bue.infd.edu.ar\/sitio\/wp-json\/wp\/v2\/pages\/1405"}],"collection":[{"href":"https:\/\/isfd100-bue.infd.edu.ar\/sitio\/wp-json\/wp\/v2\/pages"}],"about":[{"href":"https:\/\/isfd100-bue.infd.edu.ar\/sitio\/wp-json\/wp\/v2\/types\/page"}],"author":[{"embeddable":true,"href":"https:\/\/isfd100-bue.infd.edu.ar\/sitio\/wp-json\/wp\/v2\/users\/579"}],"replies":[{"embeddable":true,"href":"https:\/\/isfd100-bue.infd.edu.ar\/sitio\/wp-json\/wp\/v2\/comments?post=1405"}],"version-history":[{"count":9,"href":"https:\/\/isfd100-bue.infd.edu.ar\/sitio\/wp-json\/wp\/v2\/pages\/1405\/revisions"}],"predecessor-version":[{"id":1629,"href":"https:\/\/isfd100-bue.infd.edu.ar\/sitio\/wp-json\/wp\/v2\/pages\/1405\/revisions\/1629"}],"wp:attachment":[{"href":"https:\/\/isfd100-bue.infd.edu.ar\/sitio\/wp-json\/wp\/v2\/media?parent=1405"}],"curies":[{"name":"wp","href":"https:\/\/api.w.org\/{rel}","templated":true}]}}