{"id":1251,"date":"2025-02-07T22:07:02","date_gmt":"2025-02-08T01:07:02","guid":{"rendered":"https:\/\/isfd100-bue.infd.edu.ar\/sitio\/?page_id=1251"},"modified":"2025-02-11T16:45:15","modified_gmt":"2025-02-11T19:45:15","slug":"profesorado-de-ingles","status":"publish","type":"page","link":"https:\/\/isfd100-bue.infd.edu.ar\/sitio\/profesorado-de-ingles\/","title":{"rendered":"Profesorado de Ingl\u00e9s"},"content":{"rendered":"\n<div class=\"alignnormal\"><div id=\"metaslider-id-1473\" style=\"width: 100%;\" class=\"ml-slider-3-33-0 metaslider metaslider-flex metaslider-1473 ml-slider ms-theme-default\" role=\"region\" aria-roledescription=\"Slideshow\" aria-label=\"Slideshow\">\n    <div id=\"metaslider_container_1473\">\n        <div id=\"metaslider_1473\" class=\"flexslider\">\n            <ul aria-live=\"polite\" class=\"slides\">\n                <li style=\"display: block; width: 100%;\" class=\"slide-1480 ms-image\" aria-roledescription=\"slide\" aria-label=\"slide-1480\"><img src=\"https:\/\/isfd100-bue.infd.edu.ar\/sitio\/wp-content\/uploads\/2025\/02\/ENGLISH-300x54.jpeg\" height=\"200\" width=\"1100\" alt=\"\" class=\"slider-1473 slide-1480\" title=\"ENGLISH\" \/><\/li>\n                <li style=\"display: none; width: 100%;\" class=\"slide-1481 ms-image\" aria-roledescription=\"slide\" aria-label=\"slide-1481\"><img src=\"https:\/\/isfd100-bue.infd.edu.ar\/sitio\/wp-content\/uploads\/2025\/02\/istockphoto-953264308-612x612-1-612x111.jpg\" height=\"200\" width=\"1100\" alt=\"\" class=\"slider-1473 slide-1481\" title=\"Learn english - note at wooden background with teachers glasses.\" \/><\/li>\n                <li style=\"display: none; width: 100%;\" class=\"slide-1482 ms-image\" aria-roledescription=\"slide\" aria-label=\"slide-1482\"><img src=\"https:\/\/isfd100-bue.infd.edu.ar\/sitio\/wp-content\/uploads\/2025\/02\/06bc9b1699c07d19770d08ed3899f7c9-1-626x113.jpg\" height=\"200\" width=\"1100\" alt=\"\" class=\"slider-1473 slide-1482\" title=\"06bc9b1699c07d19770d08ed3899f7c9\" \/><\/li>\n                <li style=\"display: none; width: 100%;\" class=\"slide-1483 ms-image\" aria-roledescription=\"slide\" aria-label=\"slide-1483\"><img src=\"https:\/\/isfd100-bue.infd.edu.ar\/sitio\/wp-content\/uploads\/2025\/02\/do-you-speak-english-language-260nw-2203911361-1-418x76.png\" height=\"200\" width=\"1100\" alt=\"\" class=\"slider-1473 slide-1483\" title=\"do-you-speak-english-language-260nw-2203911361\" \/><\/li>\n            <\/ul>\n        <\/div>\n        \n    <\/div>\n<\/div><\/div>\n\n\n\n<figure class=\"wp-block-image\"><img decoding=\"async\" loading=\"lazy\" width=\"1243\" height=\"223\" src=\"https:\/\/isfd100-bue.infd.edu.ar\/sitio\/wp-content\/uploads\/2025\/02\/ING.png\" alt=\"\" class=\"wp-image-1236\" srcset=\"https:\/\/isfd100-bue.infd.edu.ar\/sitio\/wp-content\/uploads\/2025\/02\/ING.png 1243w, https:\/\/isfd100-bue.infd.edu.ar\/sitio\/wp-content\/uploads\/2025\/02\/ING-1000x179.png 1000w, https:\/\/isfd100-bue.infd.edu.ar\/sitio\/wp-content\/uploads\/2025\/02\/ING-768x138.png 768w\" sizes=\"(max-width: 1243px) 100vw, 1243px\" \/><\/figure>\n\n\n\n<p class=\"has-text-align-right has-medium-font-size\"><strong>Plan autorizado por Resoluci\u00f3n. N\u00b0 1860\/17<\/strong><\/p>\n\n\n\n<p class=\"has-accent-color has-text-color has-medium-font-size\"><strong>Presentaci\u00f3n:<\/strong><\/p>\n\n\n\n<p>El Profesorado de Ingl\u00e9s forma docentes para el desempe\u00f1o en los niveles Inicial, Primario y Secundario del sistema educativo de la Provincia de Buenos Aires. Es una carrera de 4 a\u00f1os de duraci\u00f3n; en \u00e9ste Instituto la carrera se cursa en el turno vespertino \u00fanicamente y los Espacios de la Pr\u00e1ctica Docente se cursan ya sea en los turnos ma\u00f1ana y tarde en d\u00edas y horarios espec\u00edficos (horarios en los que funcionan los Niveles Secundarios de las escuelas a las que concurrir\u00e1n seg\u00fan el a\u00f1o de estudio y las indicaciones de los\/as docentes de Pr\u00e1ctica)<\/p>\n\n\n\n<p class=\"has-accent-color has-text-color has-medium-font-size\"><strong>Finalidades de la carrera:<\/strong><\/p>\n\n\n\n<p>La formaci\u00f3n del\/de la Profesor\/a de Ingl\u00e9s asume el desaf\u00edo de promover un trabajo sobre las concepciones, los supuestos y fundamentalmente las representaciones que los propios estudiantes poseen acerca de los conocimientos espec\u00edficos.<\/p>\n\n\n\n<p>Se trata de formar profesores y profesoras que asuman una posici\u00f3n de productores\/as de conocimiento y que, desde esta posici\u00f3n, intervengan en el debate pol\u00edtico sobre los modelos de desarrollo cient\u00edfico-tecnol\u00f3gicos y el lugar que la Lengua Extranjera (o lengua segunda) asume para la formaci\u00f3n de ciudadanos<\/p>\n\n\n\n<p>En este marco, el Profesorado de Ingl\u00e9s tiene como finalidad la preparaci\u00f3n de profesores y profesoras que sean capaces de ense\u00f1ar, producir y transmitir los conocimientos y valores necesarios para la formaci\u00f3n integral de las personas, el desarrollo nacional y la construcci\u00f3n de una sociedad m\u00e1s justa.<\/p>\n\n\n\n<p>En este sentido, se busca generar condiciones para la construcci\u00f3n de una identidad profesional que parta del reconocimiento del profesor como agente p\u00fablico, como intelectual y como trabajador de la educaci\u00f3n, tanto en el nivel formador como tambi\u00e9n en la articulaci\u00f3n con la Educaci\u00f3n Primaria y Secundaria<\/p>\n\n\n\n<p class=\"has-accent-color has-text-color has-medium-font-size\"><strong>Perfil del egresado\/a:<\/strong><\/p>\n\n\n\n<p>Se aspira a formar un\/a profesor\/a de Ingl\u00e9s con una s\u00f3lida formaci\u00f3n \u00e9tico-pol\u00edtica, te\u00f3rica, metodol\u00f3gica y t\u00e9cnica, que sea promotor\/a del respeto a la vida y a la ley en una sociedad democr\u00e1tica. Se promueve la formaci\u00f3n de un\/a profesor\/a capaz de dise\u00f1ar e implementar pr\u00e1cticas de ense\u00f1anza. Entre otras deber\u00e1 poder:<\/p>\n\n\n\n<p>&#8211; Dise\u00f1ar, gestionar y evaluar los procesos de ense\u00f1anza y de aprendizaje en la Educaci\u00f3n Primaria y Secundaria.<\/p>\n\n\n\n<p>&#8211; Dise\u00f1ar unidades did\u00e1cticas, proyectos y planificaciones anuales que contemplen la relevancia de los contenidos y actividades para diferentes grupos, considerando el contexto sociocultural, y en funci\u00f3n de distintas unidades de tiempo.<\/p>\n\n\n\n<p>&#8211; Utilizar estrategias que contribuyan tanto a favorecer las din\u00e1micas grupales de la clase, como el enfoque de la diversidad.<\/p>\n\n\n\n<p>&#8211; Establecer pautas, reglas, h\u00e1bitos y actitudes para el desarrollo de las tareas de ense\u00f1anza en la clase.<\/p>\n\n\n\n<p>&#8211; Considerar actividades de evaluaci\u00f3n en relaci\u00f3n con las actividades de ense\u00f1anza y aprendizaje de los estudiantes.<\/p>\n\n\n\n<p>&#8211; Promover el trabajo colaborativo entre pares, la participaci\u00f3n y el intercambio tendiente a promover nuevos aprendizajes.<\/p>\n\n\n\n<p>&#8211; Valorar la actualizaci\u00f3n permanente como forma de desarrollo profesional. &#8211; Sistematizar la propia pr\u00e1ctica y la de otros para construir conocimientos y mejorarla.<\/p>\n\n\n\n<p class=\"has-large-font-size\"><strong>Plan de estudios:<\/strong><\/p>\n\n\n\n<p class=\"has-accent-color has-text-color has-large-font-size\"><strong>Primer a\u00f1o<\/strong><\/p>\n\n\n\n<div class=\"wp-block-group is-vertical is-layout-flex wp-container-1\">\n<p>1.- Pr\u00e1cticas discursivas de la Comunicaci\u00f3n Oral I<\/p>\n\n\n\n<p>2.- Pr\u00e1cticas discursivas de la Comunicaci\u00f3n Escrita I<\/p>\n\n\n\n<p>3.- Pr\u00e1cticas discursivas del \u00e1mbito acad\u00e9mico en espa\u00f1ol<\/p>\n\n\n\n<p>4.- Introducci\u00f3n al Ingl\u00e9s con fines acad\u00e9micos<\/p>\n\n\n\n<p>5.- Estudios interculturales en Lengua Inglesa I<\/p>\n\n\n\n<p>6.- Did\u00e1ctica general<\/p>\n\n\n\n<p>7.- Problem\u00e1ticas socio-institucionales<\/p>\n\n\n\n<p>8.- Pedagog\u00eda <\/p>\n\n\n\n<p>9.- (CFPP 1) Campo de la Formaci\u00f3n en la Pr\u00e1ctica Profesional I<\/p>\n<\/div>\n\n\n\n<p class=\"has-accent-color has-text-color has-large-font-size\"><strong>Segundo a\u00f1o<\/strong><\/p>\n\n\n\n<div class=\"wp-block-group is-vertical is-layout-flex wp-container-4\">\n<div class=\"wp-block-group is-vertical is-layout-flex wp-container-3\">\n<div class=\"wp-block-group is-vertical is-layout-flex wp-container-2\">\n<p>10.- Pr\u00e1cticas discursivas de la Comunicaci\u00f3n Oral II (<em>cursada <\/em><strong>1<\/strong>)<\/p>\n\n\n\n<p>11. &#8211; Pr\u00e1cticas discursivas de la Comunicaci\u00f3n Escrita II (<em>cursada <\/em><strong>2<\/strong>)<\/p>\n\n\n\n<p>12.- Fundamentos de la Ense\u00f1anza y Aprendizaje del Ingl\u00e9s I (<em>cursada <\/em><strong>6<\/strong>)<\/p>\n\n\n\n<p>13.- Literatura en Lengua inglesa y ni\u00f1ez (<em>cursada <\/em><strong>5<\/strong>)<\/p>\n\n\n\n<p>14.- Estudios interculturales en Lengua Inglesa II (<em>cursada <\/em><strong>5<\/strong>)<\/p>\n\n\n\n<p>15.- Ense\u00f1ar con Tecnolog\u00edas (<em>cursada <\/em><strong>6<\/strong>, <strong>8<\/strong>)<br>16.- Perspectivas acerca de los sujetos de la Educaci\u00f3n<\/p>\n\n\n\n<p>17.- Historia y Pol\u00edtica de la Educaci\u00f3n argentina<br>18.- (CFPP 2) Campo de la Formaci\u00f3n en la Pr\u00e1ctica Profesional II (<em>acreditada <\/em><strong>9<\/strong>)<\/p>\n<\/div>\n<\/div>\n<\/div>\n\n\n\n<p class=\"has-accent-color has-text-color has-large-font-size\"><strong>Tercer a\u00f1o<\/strong><\/p>\n\n\n\n<div class=\"wp-block-group is-vertical is-layout-flex wp-container-7\">\n<div class=\"wp-block-group is-vertical is-layout-flex wp-container-6\">\n<div class=\"wp-block-group is-vertical is-layout-flex wp-container-5\">\n<p>19.- Pr\u00e1cticas discursivas de la Comunicaci\u00f3n Oral III (<em>cursada <\/em><strong>10<\/strong>)<\/p>\n\n\n\n<p>20.- Pr\u00e1cticas discursivas de la Comunicaci\u00f3n Escrita III (<em>cursada <\/em><strong>11<\/strong>)<\/p>\n\n\n\n<p>21.- Fundamentos de la Ense\u00f1anza y Aprendizaje del Ingl\u00e9s II (<em>cursada <\/em><strong>12<\/strong>)<\/p>\n\n\n\n<p>22.- Literatura en Lengua inglesa y juventud (<em>cursada <\/em><strong>13<\/strong>)<\/p>\n\n\n\n<p>23.- Estudios interculturales en Lengua Inglesa III (<em>cursada <\/em><strong>14<\/strong>)<\/p>\n\n\n\n<p>24.- Educaci\u00f3n para la diversidad <br>25.- La Evaluaci\u00f3n de los aprendizajes (<em>cursada <\/em><strong>12<\/strong>)<br>26.- Filosof\u00eda y Educaci\u00f3n (<em>cursada <\/em><strong>8<\/strong>) <\/p>\n\n\n\n<p>27.- Unidad Curricular Optativa (segunda Lengua Extranjera)<br>28.- Unidad Curricular Optativa (Oratoria y Ret\u00f3rica docente)<br>29.- (CFPP 3) Campo de la Formaci\u00f3n en la Pr\u00e1ctica Profesional III (<strong>todo 1er a\u00f1o cursado<\/strong> y <em>acreditadas <\/em><strong>12<\/strong>, <strong>18<\/strong>)<br><\/p>\n<\/div>\n<\/div>\n<\/div>\n\n\n\n<p class=\"has-accent-color has-text-color has-large-font-size\"><strong>Cuarto a\u00f1o<\/strong><\/p>\n\n\n\n<div class=\"wp-block-group is-vertical is-layout-flex wp-container-8\">\n<p>30.- Pr\u00e1cticas discursivas de la Comunicaci\u00f3n Oral IV (<em>cursada <\/em><strong>19<\/strong>)<\/p>\n\n\n\n<p>31.- Pr\u00e1cticas discursivas de la Comunicaci\u00f3n Escrita IV (<em>cursada <\/em><strong>20<\/strong>)<\/p>\n\n\n\n<p>32.- Fundamentos de la Ense\u00f1anza y Aprendizaje del Ingl\u00e9s III (<em>cursada <\/em><strong>21<\/strong>)<\/p>\n\n\n\n<p>33.- Estudios interculturales en Lengua Inglesa IV (<em>cursada <\/em><strong>23<\/strong>)<\/p>\n\n\n\n<p>34.- E.D.I. (Espacio de definici\u00f3n institucional)<br>35.- An\u00e1lisis e Intervenci\u00f3n en situaciones de convivencia escolar (<em>cursada <\/em><strong>24<\/strong>)<\/p>\n\n\n\n<p>36.- Tutor\u00edas y orientaci\u00f3n escolar<\/p>\n\n\n\n<p>37.- (CFPP 4) Campo de la Formaci\u00f3n en la Pr\u00e1ctica Profesional IV (<strong>todo 2do a\u00f1o cursado<\/strong> y <em>acreditada <\/em><strong>21<\/strong>, <strong>29<\/strong>)<br><\/p>\n<\/div>\n\n\n\n<p><em>*E.D.I.: Nombre y contenidos de los mismos pueden variar seg\u00fan el a\u00f1o de cursada.<\/em><\/p>\n\n\n\n<p><strong>NOTA: <\/strong><\/p>\n\n\n\n<p class=\"has-accent-color has-base-background-color has-text-color has-background\"><strong>Al lado del nombre de algunas unidades curriculares se han consignado algunos n\u00fameros entre par\u00e9ntesis que indican N\u00b0 de materia correlativa que debe tenerse (en algunos casos se exige la CURSADA APROBADA y en otros la materia ACREDITADA, esto es, con EXAMEN FINAL RENDIDO y APROBADO). <\/strong><\/p>\n\n\n\n<p class=\"has-accent-color has-base-background-color has-text-color has-background\"><strong>Esto quiere decir que para cursar la materia que se indica se deber\u00e1 previamente, haber cursado y\/o acreditado (seg\u00fan corresponda), la materia correlativa a la misma.<\/strong><\/p>\n","protected":false},"excerpt":{"rendered":"<p>Plan autorizado por Resoluci\u00f3n. N\u00b0 1860\/17 Presentaci\u00f3n: El Profesorado de Ingl\u00e9s forma docentes para el desempe\u00f1o en los niveles Inicial, Primario y Secundario del sistema educativo de la Provincia de Buenos Aires. Es una carrera de 4 a\u00f1os de duraci\u00f3n; en \u00e9ste Instituto la carrera se cursa en el turno vespertino \u00fanicamente y los Espacios &#8230; <a title=\"Profesorado de Ingl\u00e9s\" class=\"read-more\" href=\"https:\/\/isfd100-bue.infd.edu.ar\/sitio\/profesorado-de-ingles\/\" aria-label=\"More on Profesorado de Ingl\u00e9s\">[+]<\/a><\/p>\n","protected":false},"author":579,"featured_media":0,"parent":0,"menu_order":0,"comment_status":"closed","ping_status":"closed","template":"","meta":[],"acf":[],"_links":{"self":[{"href":"https:\/\/isfd100-bue.infd.edu.ar\/sitio\/wp-json\/wp\/v2\/pages\/1251"}],"collection":[{"href":"https:\/\/isfd100-bue.infd.edu.ar\/sitio\/wp-json\/wp\/v2\/pages"}],"about":[{"href":"https:\/\/isfd100-bue.infd.edu.ar\/sitio\/wp-json\/wp\/v2\/types\/page"}],"author":[{"embeddable":true,"href":"https:\/\/isfd100-bue.infd.edu.ar\/sitio\/wp-json\/wp\/v2\/users\/579"}],"replies":[{"embeddable":true,"href":"https:\/\/isfd100-bue.infd.edu.ar\/sitio\/wp-json\/wp\/v2\/comments?post=1251"}],"version-history":[{"count":8,"href":"https:\/\/isfd100-bue.infd.edu.ar\/sitio\/wp-json\/wp\/v2\/pages\/1251\/revisions"}],"predecessor-version":[{"id":1567,"href":"https:\/\/isfd100-bue.infd.edu.ar\/sitio\/wp-json\/wp\/v2\/pages\/1251\/revisions\/1567"}],"wp:attachment":[{"href":"https:\/\/isfd100-bue.infd.edu.ar\/sitio\/wp-json\/wp\/v2\/media?parent=1251"}],"curies":[{"name":"wp","href":"https:\/\/api.w.org\/{rel}","templated":true}]}}