{"id":1243,"date":"2025-02-07T22:04:02","date_gmt":"2025-02-08T01:04:02","guid":{"rendered":"https:\/\/isfd100-bue.infd.edu.ar\/sitio\/?page_id=1243"},"modified":"2026-03-03T01:45:13","modified_gmt":"2026-03-03T04:45:13","slug":"profesorado-de-educacion-secundaria-en-matematica","status":"publish","type":"page","link":"https:\/\/isfd100-bue.infd.edu.ar\/sitio\/profesorado-de-educacion-secundaria-en-matematica\/","title":{"rendered":"Profesorado de Educaci\u00f3n Secundaria en Matem\u00e1tica"},"content":{"rendered":"\n<div class=\"alignnormal\"><div id=\"metaslider-id-1459\" style=\"width: 100%;\" class=\"ml-slider-3-33-0 metaslider metaslider-flex metaslider-1459 ml-slider ms-theme-default\" role=\"region\" aria-roledescription=\"Slideshow\" aria-label=\"Slideshow\">\n    <div id=\"metaslider_container_1459\">\n        <div id=\"metaslider_1459\" class=\"flexslider\">\n            <ul aria-live=\"polite\" class=\"slides\">\n                <li style=\"display: block; width: 100%;\" class=\"slide-1465 ms-image\" aria-roledescription=\"slide\" aria-label=\"slide-1465\"><img src=\"https:\/\/isfd100-bue.infd.edu.ar\/sitio\/wp-content\/uploads\/2025\/02\/El-Libro-Blanco-de-las-Matematicas-propone-64-medidas-para-impulsar-esta-ciencia-en-Espana-1100x200.jpg\" height=\"200\" width=\"1100\" alt=\"\" class=\"slider-1459 slide-1465\" title=\"El-Libro-Blanco-de-las-Matematicas-propone-64-medidas-para-impulsar-esta-ciencia-en-Espana\" \/><\/li>\n                <li style=\"display: none; width: 100%;\" class=\"slide-1466 ms-image\" aria-roledescription=\"slide\" aria-label=\"slide-1466\"><img src=\"https:\/\/isfd100-bue.infd.edu.ar\/sitio\/wp-content\/uploads\/2025\/02\/109347319_gettyimages-611195980-640x116.jpg\" height=\"200\" width=\"1100\" alt=\"\" class=\"slider-1459 slide-1466\" title=\"_109347319_gettyimages-611195980\" \/><\/li>\n                <li style=\"display: none; width: 100%;\" class=\"slide-1469 ms-image\" aria-roledescription=\"slide\" aria-label=\"slide-1469\"><img src=\"https:\/\/isfd100-bue.infd.edu.ar\/sitio\/wp-content\/uploads\/2025\/02\/FOTOS-ARTICULO-MATE1-758x137.jpg\" height=\"200\" width=\"1100\" alt=\"\" class=\"slider-1459 slide-1469\" title=\"FOTOS-ARTICULO-MATE1\" \/><\/li>\n                <li style=\"display: none; width: 100%;\" class=\"slide-1470 ms-image\" aria-roledescription=\"slide\" aria-label=\"slide-1470\"><img src=\"https:\/\/isfd100-bue.infd.edu.ar\/sitio\/wp-content\/uploads\/2025\/02\/geometria-e1551991013554-800x145.jpg\" height=\"200\" width=\"1100\" alt=\"\" class=\"slider-1459 slide-1470\" title=\"geometria-e1551991013554\" \/><\/li>\n            <\/ul>\n        <\/div>\n        \n    <\/div>\n<\/div><\/div>\n\n\n\n<figure class=\"wp-block-image\"><img decoding=\"async\" loading=\"lazy\" width=\"1247\" height=\"221\" src=\"https:\/\/isfd100-bue.infd.edu.ar\/sitio\/wp-content\/uploads\/2025\/02\/MATE.png\" alt=\"\" class=\"wp-image-1237\" srcset=\"https:\/\/isfd100-bue.infd.edu.ar\/sitio\/wp-content\/uploads\/2025\/02\/MATE.png 1247w, https:\/\/isfd100-bue.infd.edu.ar\/sitio\/wp-content\/uploads\/2025\/02\/MATE-1000x177.png 1000w, https:\/\/isfd100-bue.infd.edu.ar\/sitio\/wp-content\/uploads\/2025\/02\/MATE-768x136.png 768w\" sizes=\"(max-width: 1247px) 100vw, 1247px\" \/><\/figure>\n\n\n\n<p class=\"has-text-align-right has-medium-font-size\"><strong>Plan autorizado por Resoluci\u00f3n. N\u00b0 1861\/17<\/strong><\/p>\n\n\n\n<p class=\"has-medium-font-size\"><strong>Presentaci\u00f3n:<\/strong><\/p>\n\n\n\n<p>El Profesorado de Educaci\u00f3n Secundaria en Matem\u00e1tica forma docentes para el desempe\u00f1o en el nivel secundario del sistema educativo de la Provincia de Buenos Aires. Es una carrera de 4 a\u00f1os de duraci\u00f3n; en \u00e9ste Instituto la carrera se cursa en el turno vespertino \u00fanicamente y los Espacios de la Pr\u00e1ctica Docente se cursan ya sea en los turnos ma\u00f1ana y tarde en d\u00edas y horarios espec\u00edficos (horarios en los que funcionan los Niveles Secundarios de las escuelas a las que concurrir\u00e1n seg\u00fan el a\u00f1o de estudio y las indicaciones de los\/as docentes de Pr\u00e1ctica)<\/p>\n\n\n\n<p class=\"has-medium-font-size\"><strong>Finalidades de la carrera:<\/strong><\/p>\n\n\n\n<p>La formaci\u00f3n del\/de la Profesor\/a de Educaci\u00f3n Secundaria en Matem\u00e1tica asume el desaf\u00edo de promover un trabajo sobre las concepciones, los supuestos y fundamentalmente las representaciones que los propios estudiantes poseen acerca de los conocimientos espec\u00edficos.<\/p>\n\n\n\n<p>Se trata de formar profesores y profesoras que asuman una posici\u00f3n de productores\/as de conocimiento y que, desde esta posici\u00f3n, intervengan en el debate pol\u00edtico sobre los modelos de desarrollo cient\u00edfico-tecnol\u00f3gicos y el lugar que la Matem\u00e1tica asume para la formaci\u00f3n de ciudadanos<\/p>\n\n\n\n<p>En este marco, el Profesorado de Educaci\u00f3n Secundaria en Matem\u00e1tica tiene como finalidad la preparaci\u00f3n de profesores y profesoras que sean capaces de ense\u00f1ar, producir y transmitir los conocimientos y valores necesarios para la formaci\u00f3n integral de las personas, el desarrollo nacional y la construcci\u00f3n de una sociedad m\u00e1s justa.<\/p>\n\n\n\n<p>En este sentido, se busca generar condiciones para la construcci\u00f3n de una identidad profesional que parta del reconocimiento del profesor como agente p\u00fablico, como intelectual y como trabajador de la educaci\u00f3n, tanto en el nivel formador como tambi\u00e9n en la articulaci\u00f3n con la Educaci\u00f3n Secundaria<\/p>\n\n\n\n<p class=\"has-medium-font-size\"><strong>Perfil del egresado\/a:<\/strong><\/p>\n\n\n\n<p>Se aspira a formar un\/a profesor\/a de Matem\u00e1tica para la Educaci\u00f3n Secundaria con una s\u00f3lida formaci\u00f3n \u00e9tico-pol\u00edtica, te\u00f3rica, metodol\u00f3gica y t\u00e9cnica, que sea promotor\/a del respeto a la vida y a la ley en una sociedad democr\u00e1tica. Se promueve la formaci\u00f3n de un\/a profesor\/a capaz de dise\u00f1ar e implementar pr\u00e1cticas de ense\u00f1anza que posibiliten a los\/las estudiantes de la escuela secundaria el acceso a bienes culturales producidos por los avances cient\u00edficos y tecnol\u00f3gicos del campo disciplinar, la ampliaci\u00f3n de oportunidades en relaci\u00f3n con su incorporaci\u00f3n al mundo del trabajo, la continuidad en estudios superiores y su desempe\u00f1o como ciudadanos\/as en pos del fortalecimiento de una sociedad m\u00e1s justa.<\/p>\n\n\n\n<p class=\"has-large-font-size\"><strong>Plan de estudios:<\/strong><\/p>\n\n\n\n<p class=\"has-accent-color has-text-color has-medium-font-size\"><strong>Primer a\u00f1o<\/strong><\/p>\n\n\n\n<div class=\"wp-block-group is-vertical is-layout-flex wp-container-1\">\n<p>1. Geometr\u00eda M\u00e9trica<\/p>\n\n\n\n<p>2. Introducci\u00f3n al C\u00e1lculo<\/p>\n\n\n\n<p>3. \u00c1lgebra I<\/p>\n\n\n\n<p>4. Did\u00e1ctica general<\/p>\n\n\n\n<p>5. Problem\u00e1ticas socio-institucionales<\/p>\n\n\n\n<p>6. Pedagog\u00eda <\/p>\n\n\n\n<p>7. (CFPP 1) Campo de la Formaci\u00f3n en la Pr\u00e1ctica Profesional I<\/p>\n\n\n\n<p><\/p>\n\n\n\n<p class=\"has-accent-color has-text-color has-medium-font-size\"><strong>Segundo a\u00f1o<\/strong><\/p>\n<\/div>\n\n\n\n<p>8. Geometr\u00eda Anal\u00edtica (<em>cursada <\/em><strong>1<\/strong>)<br>9. Historia de la Matem\u00e1tica<br>10. Did\u00e1ctica de la Matem\u00e1tica: Did\u00e1ctica y Curriculum (<em>cursada <\/em><strong>4<\/strong>)<br>11. C\u00e1lculo (<em>cursada <\/em><strong>2<\/strong>)<br>12. \u00c1lgebra II (<em>cursada <\/em><strong>3<\/strong>)<br>13. Historia y Pol\u00edtica de la Educaci\u00f3n argentina<br>14. Ense\u00f1ar con Tecnolog\u00edas (<em>cursada <\/em><strong>4<\/strong>, <strong>6<\/strong>)<br>15. Perspectivas acerca de los sujetos de la Educaci\u00f3n<br>16. (CFPP 2) Campo de la Formaci\u00f3n en la Pr\u00e1ctica Profesional II (<em>acreditada <\/em><strong>7<\/strong>)<\/p>\n\n\n\n<p class=\"has-accent-color has-text-color has-medium-font-size\"><strong>Tercer a\u00f1o<\/strong><\/p>\n\n\n\n<div class=\"wp-block-group is-vertical is-layout-flex wp-container-2\">\n<p>17. Complementos de C\u00e1lculo (<em>cursada <\/em><strong>11<\/strong>)<br>18. \u00c1lgebra Superior y Elementos de Topolog\u00eda (<em>cursada <\/em><strong>12<\/strong>)<br>19. Probabilidad y Estad\u00edstica (<em>cursada <\/em><strong>11<\/strong>)<br>20. Did\u00e1ctica de la Matem\u00e1tica II: Ense\u00f1anza con TIC (<em>cursada <\/em><strong>10<\/strong>)<br>21. Educaci\u00f3n para la diversidad (<em>cursada <\/em><strong>15<\/strong>)<br>22. La Evaluaci\u00f3n de los aprendizajes (<em>cursada <\/em><strong>10<\/strong>)<br>23. Filosof\u00eda y Educaci\u00f3n (<em>cursada <\/em><strong>6<\/strong>)<\/p>\n\n\n\n<p>24. Unidad Curricular Optativa (Ingl\u00e9s Nivel 1)<br>25. Unidad Curricular Optativa (Oratoria y Ret\u00f3rica docente)<br>26. (CFPP 3) Campo de la Formaci\u00f3n en la Pr\u00e1ctica Profesional III (<strong>todo 1er a\u00f1o cursado <\/strong>y <em>acreditadas <\/em><strong>10<\/strong>, <strong>16<\/strong>)<br><\/p>\n<\/div>\n\n\n\n<p class=\"has-accent-color has-text-color has-medium-font-size\"><strong>Cuarto a\u00f1o<\/strong><\/p>\n\n\n\n<div class=\"wp-block-group is-vertical is-layout-flex wp-container-4\">\n<div class=\"wp-block-group is-vertical is-layout-flex wp-container-3\">\n<p>27. Fundamentos de Matem\u00e1tica (<em>cursada <\/em><strong>17<\/strong>, <strong>18<\/strong>)<br>28. Matem\u00e1tica Aplicada (<em>cursada <\/em><strong>17<\/strong>, <strong>18<\/strong>)<br>29. Seminario de temas de F\u00edsica<br>30. Geometr\u00edas no euclidianas, Geometr\u00eda Proyectiva y Fractal (<em>cursada <\/em><strong>17<\/strong>, <strong>18<\/strong>)<br>31. Did\u00e1ctica de la Matem\u00e1tica III: Investigaci\u00f3n de los problemas de ense\u00f1anza (<em>cursada <\/em><strong>20<\/strong>)<\/p>\n\n\n\n<p>32. E.D.I. (Espacio de definici\u00f3n institucional)<br>33. An\u00e1lisis e Intervenci\u00f3n en situaciones de convivencia escolar (<em>cursada <\/em><strong>21<\/strong>)                                                                                                  <\/p>\n<\/div>\n\n\n\n<p>34. Unidad Curricular Optativa (Ingl\u00e9s Nivel 2) (<em>cursada <\/em><strong>24<\/strong>)<br>35. Unidad Curricular Optativa (Tutor\u00edas y Orientaci\u00f3n escolar)<br>36. (CFPP 4) Campo de la Formaci\u00f3n en la Pr\u00e1ctica Profesional IV (<strong>todo 2do a\u00f1o cursado<\/strong> y <em>acreditada<\/em> <strong>20<\/strong>, <strong>26<\/strong>)<br><\/p>\n<\/div>\n\n\n\n<div class=\"wp-block-group alignwide is-layout-constrained\"><div class=\"wp-block-group__inner-container\">\n<p>*E.D.I.: Nombre y contenidos de los mismos pueden variar seg\u00fan el a\u00f1o de cursada.<\/p>\n\n\n\n<p><strong>NOTA: <\/strong><\/p>\n\n\n\n<p class=\"has-accent-color has-base-background-color has-text-color has-background\"><strong>Al lado del nombre de algunas unidades curriculares se han consignado algunos n\u00fameros entre par\u00e9ntesis que indican N\u00b0 de materia correlativa que debe tenerse (en algunos casos se exige la CURSADA APROBADA y en otros la materia ACREDITADA, esto es, con EXAMEN FINAL RENDIDO y APROBADO). <\/strong><\/p>\n\n\n\n<p class=\"has-accent-color has-base-background-color has-text-color has-background\"><strong>Esto quiere decir que para cursar la materia que se indica se deber\u00e1 previamente, haber cursado y\/o acreditado (seg\u00fan corresponda), la materia correlativa a la misma.<\/strong><\/p>\n<\/div><\/div>\n","protected":false},"excerpt":{"rendered":"<p>Plan autorizado por Resoluci\u00f3n. N\u00b0 1861\/17 Presentaci\u00f3n: El Profesorado de Educaci\u00f3n Secundaria en Matem\u00e1tica forma docentes para el desempe\u00f1o en el nivel secundario del sistema educativo de la Provincia de Buenos Aires. Es una carrera de 4 a\u00f1os de duraci\u00f3n; en \u00e9ste Instituto la carrera se cursa en el turno vespertino \u00fanicamente y los Espacios &#8230; <a title=\"Profesorado de Educaci\u00f3n Secundaria en Matem\u00e1tica\" class=\"read-more\" href=\"https:\/\/isfd100-bue.infd.edu.ar\/sitio\/profesorado-de-educacion-secundaria-en-matematica\/\" aria-label=\"More on Profesorado de Educaci\u00f3n Secundaria en Matem\u00e1tica\">[+]<\/a><\/p>\n","protected":false},"author":579,"featured_media":0,"parent":0,"menu_order":0,"comment_status":"closed","ping_status":"closed","template":"","meta":[],"acf":[],"_links":{"self":[{"href":"https:\/\/isfd100-bue.infd.edu.ar\/sitio\/wp-json\/wp\/v2\/pages\/1243"}],"collection":[{"href":"https:\/\/isfd100-bue.infd.edu.ar\/sitio\/wp-json\/wp\/v2\/pages"}],"about":[{"href":"https:\/\/isfd100-bue.infd.edu.ar\/sitio\/wp-json\/wp\/v2\/types\/page"}],"author":[{"embeddable":true,"href":"https:\/\/isfd100-bue.infd.edu.ar\/sitio\/wp-json\/wp\/v2\/users\/579"}],"replies":[{"embeddable":true,"href":"https:\/\/isfd100-bue.infd.edu.ar\/sitio\/wp-json\/wp\/v2\/comments?post=1243"}],"version-history":[{"count":12,"href":"https:\/\/isfd100-bue.infd.edu.ar\/sitio\/wp-json\/wp\/v2\/pages\/1243\/revisions"}],"predecessor-version":[{"id":1472,"href":"https:\/\/isfd100-bue.infd.edu.ar\/sitio\/wp-json\/wp\/v2\/pages\/1243\/revisions\/1472"}],"wp:attachment":[{"href":"https:\/\/isfd100-bue.infd.edu.ar\/sitio\/wp-json\/wp\/v2\/media?parent=1243"}],"curies":[{"name":"wp","href":"https:\/\/api.w.org\/{rel}","templated":true}]}}