{"id":1241,"date":"2025-02-07T22:03:27","date_gmt":"2025-02-08T01:03:27","guid":{"rendered":"https:\/\/isfd100-bue.infd.edu.ar\/sitio\/?page_id=1241"},"modified":"2025-02-10T21:41:37","modified_gmt":"2025-02-11T00:41:37","slug":"profesorado-de-educacion-inicial","status":"publish","type":"page","link":"https:\/\/isfd100-bue.infd.edu.ar\/sitio\/profesorado-de-educacion-inicial\/","title":{"rendered":"Profesorado de Educaci\u00f3n Inicial"},"content":{"rendered":"\n<div class=\"alignnormal\"><div id=\"metaslider-id-1485\" style=\"width: 100%;\" class=\"ml-slider-3-33-0 metaslider metaslider-flex metaslider-1485 ml-slider ms-theme-default\" role=\"region\" aria-roledescription=\"Slideshow\" aria-label=\"Slideshow\">\n    <div id=\"metaslider_container_1485\">\n        <div id=\"metaslider_1485\" class=\"flexslider\">\n            <ul aria-live=\"polite\" class=\"slides\">\n                <li style=\"display: block; width: 100%;\" class=\"slide-1543 ms-image\" aria-roledescription=\"slide\" aria-label=\"slide-1543\"><img src=\"https:\/\/isfd100-bue.infd.edu.ar\/sitio\/wp-content\/uploads\/2025\/02\/5b7db6beadca7_2-3-1024x186.jpeg\" height=\"200\" width=\"1100\" alt=\"\" class=\"slider-1485 slide-1543\" title=\"5b7db6beadca7_2-3\" \/><\/li>\n                <li style=\"display: none; width: 100%;\" class=\"slide-1545 ms-image\" aria-roledescription=\"slide\" aria-label=\"slide-1545\"><img src=\"https:\/\/isfd100-bue.infd.edu.ar\/sitio\/wp-content\/uploads\/2025\/02\/hq720-686x124.jpg\" height=\"200\" width=\"1100\" alt=\"\" class=\"slider-1485 slide-1545\" title=\"hq720\" \/><\/li>\n                <li style=\"display: none; width: 100%;\" class=\"slide-1547 ms-image\" aria-roledescription=\"slide\" aria-label=\"slide-1547\"><img src=\"https:\/\/isfd100-bue.infd.edu.ar\/sitio\/wp-content\/uploads\/2025\/02\/JARDINES-DE-INFANTES-1-e1614185322778-1100x200.jpg\" height=\"200\" width=\"1100\" alt=\"\" class=\"slider-1485 slide-1547\" title=\"JARDINES-DE-INFANTES-1-e1614185322778\" \/><\/li>\n                <li style=\"display: none; width: 100%;\" class=\"slide-1549 ms-image\" aria-roledescription=\"slide\" aria-label=\"slide-1549\"><img src=\"https:\/\/isfd100-bue.infd.edu.ar\/sitio\/wp-content\/uploads\/2025\/02\/maxresdefault-2-1100x200.jpg\" height=\"200\" width=\"1100\" alt=\"\" class=\"slider-1485 slide-1549\" title=\"maxresdefault\" \/><\/li>\n                <li style=\"display: none; width: 100%;\" class=\"slide-1551 ms-image\" aria-roledescription=\"slide\" aria-label=\"slide-1551\"><img src=\"https:\/\/isfd100-bue.infd.edu.ar\/sitio\/wp-content\/uploads\/2025\/02\/multimedia.normal.b9cbd4128d06a363.6e6f726d616c2e6a7067-1000x181.jpg\" height=\"200\" width=\"1100\" alt=\"\" class=\"slider-1485 slide-1551\" title=\"multimedia.normal.b9cbd4128d06a363.6e6f726d616c2e6a7067\" \/><\/li>\n                <li style=\"display: none; width: 100%;\" class=\"slide-1553 ms-image\" aria-roledescription=\"slide\" aria-label=\"slide-1553\"><img src=\"https:\/\/isfd100-bue.infd.edu.ar\/sitio\/wp-content\/uploads\/2025\/02\/port-1040x660-1-1040x189.jpg\" height=\"200\" width=\"1100\" alt=\"\" class=\"slider-1485 slide-1553\" title=\"port-1040x660\" \/><\/li>\n                <li style=\"display: none; width: 100%;\" class=\"slide-1555 ms-image\" aria-roledescription=\"slide\" aria-label=\"slide-1555\"><img src=\"https:\/\/isfd100-bue.infd.edu.ar\/sitio\/wp-content\/uploads\/2025\/02\/sala-arco-iris-813x147.jpg\" height=\"200\" width=\"1100\" alt=\"\" class=\"slider-1485 slide-1555\" title=\"sala-arco-iris\" \/><\/li>\n            <\/ul>\n        <\/div>\n        \n    <\/div>\n<\/div><\/div>\n\n\n\n<figure class=\"wp-block-image\"><img decoding=\"async\" loading=\"lazy\" width=\"1243\" height=\"214\" src=\"https:\/\/isfd100-bue.infd.edu.ar\/sitio\/wp-content\/uploads\/2025\/02\/EI.png\" alt=\"\" class=\"wp-image-1234\" srcset=\"https:\/\/isfd100-bue.infd.edu.ar\/sitio\/wp-content\/uploads\/2025\/02\/EI.png 1243w, https:\/\/isfd100-bue.infd.edu.ar\/sitio\/wp-content\/uploads\/2025\/02\/EI-1000x172.png 1000w, https:\/\/isfd100-bue.infd.edu.ar\/sitio\/wp-content\/uploads\/2025\/02\/EI-768x132.png 768w\" sizes=\"(max-width: 1243px) 100vw, 1243px\" \/><\/figure>\n\n\n\n<p class=\"has-text-align-right\"><strong>Plan autorizado por Resoluci\u00f3n N\u00b0: 4154\/07<\/strong><\/p>\n\n\n\n<p><strong>Presentaci\u00f3n:<\/strong><\/p>\n\n\n\n<p>El Profesorado de Educaci\u00f3n Inicial forma docentes para el desempe\u00f1o en el nivel inicial del sistema educativo de la Provincia de Buenos Aires. Es una carrera de 4 a\u00f1os de duraci\u00f3n; en \u00e9ste Instituto la carrera se cursa en el turno vespertino \u00fanicamente y los Espacios de la Pr\u00e1ctica Docente se cursan en d\u00edas y horarios en los turnos ma\u00f1ana y tarde (horarios en los que funcionan los Niveles iniciales de los establecimientos a los que concurrir\u00e1n seg\u00fan el a\u00f1o de estudio y las indicaciones de los\/as docentes de Pr\u00e1ctica)<\/p>\n\n\n\n<p class=\"has-large-font-size\"><strong>Plan de estudios:<\/strong><\/p>\n\n\n\n<p class=\"has-accent-color has-text-color has-medium-font-size\"><strong>Primer a\u00f1o<\/strong><\/p>\n\n\n\n<ol>\n<li>Taller de lectura, escritura y oralidad<\/li>\n\n\n\n<li>Taller de pensamiento l\u00f3gico matem\u00e1tico<\/li>\n\n\n\n<li>Taller de definici\u00f3n institucional (TADI)<\/li>\n\n\n\n<li>Filosof\u00eda<\/li>\n\n\n\n<li>Did\u00e1ctica General<\/li>\n\n\n\n<li>Pedagog\u00eda<\/li>\n\n\n\n<li>An\u00e1lisis del mundo contempor\u00e1neo<\/li>\n\n\n\n<li>Psicolog\u00eda del Desarrollo y el Aprendizaje I<\/li>\n\n\n\n<li>Educaci\u00f3n Temprana<\/li>\n\n\n\n<li>Corporeidad y motricidad<\/li>\n\n\n\n<li>Pr\u00e1ctica Docente I<\/li>\n<\/ol>\n\n\n\n<p class=\"has-accent-color has-text-color has-medium-font-size\"><strong>Segundo a\u00f1o<\/strong><\/p>\n\n\n\n<p>12. Teor\u00edas Sociopol\u00edticas y Educaci\u00f3n<br>13. Did\u00e1ctica y Curr\u00edculum de Nivel Inicial (<em>cursada <\/em><strong>5<\/strong>)<br>14. Psicolog\u00eda del Desarrollo y el Aprendizaje II (<em>cursada <\/em><strong>8<\/strong>)<br>15. Psicolog\u00eda Social e Institucional<br>16. Cultura, comunicaci\u00f3n y educaci\u00f3n<br>17. Educaci\u00f3n Pl\u00e1stica<br>18. Did\u00e1ctica de Pr\u00e1cticas del Lenguaje y la Literatura I<br>19. Did\u00e1ctica de las Ciencias Sociales I<br>20. Did\u00e1ctica&nbsp; de las Ciencias Naturales I<br>21. Did\u00e1ctica de la Matem\u00e1tica I<br>22. Pr\u00e1ctica Docente II (<em>acreditada <\/em><strong>11<\/strong>)<br>23. Trayecto Formativo Opcional (TFO) l<\/p>\n\n\n\n<p class=\"has-accent-color has-text-color has-medium-font-size\"><strong>Tercer a\u00f1o&nbsp;<\/strong><\/p>\n\n\n\n<p>24. Historia y Prospectiva de la Educaci\u00f3n<br>25. Pol\u00edticas, Legislaci\u00f3n y Administraci\u00f3n&nbsp; del Trabajo Escolar<br>26. Juego y Desarrollo infantil (<em>cursada <\/em><strong>8<\/strong>)<br>27. Medios audiovisuales, Tics y educaci\u00f3n<br>28. Educaci\u00f3n Musical<br>29. Educaci\u00f3n F\u00edsica Escolar<br>30. Taller de Literatura infantil (<em>cursada <\/em><strong>18<\/strong>)<br>31. Taller de Ciencias Sociales (<em>cursada <\/em><strong>19<\/strong>)<br>32. Taller de Ciencias Naturales (<em>cursada <\/em><strong>20<\/strong>)<br>33. Taller de Matem\u00e1tica (<em>cursada <\/em><strong>21<\/strong>)<br>34. Producci\u00f3n de materiales y objetos l\u00fadicos<br>35. Pr\u00e1ctica Docente III (<strong>todo 1er a\u00f1o cursado<\/strong>&nbsp;y&nbsp;<em>acreditadas<\/em> <strong>13<\/strong>, <strong>18<\/strong>, <strong>19<\/strong>, <strong>20<\/strong>, <strong>21<\/strong>, <strong>22<\/strong>)<br>36. Trayecto Formativo Opcional II (TFO)<\/p>\n\n\n\n<p class=\"has-accent-color has-text-color has-medium-font-size\"><strong>Cuarto a\u00f1o<\/strong><\/p>\n\n\n\n<p>37. Reflexi\u00f3n filos\u00f3fica de la Educaci\u00f3n (<em>cursadas <\/em><strong>4<\/strong>, <strong>6<\/strong>)<br>38. Dimensi\u00f3n \u00c9tico-Pol\u00edtica de la Praxis Docente (<em>cursada <\/em><strong>12<\/strong>)<br>39. Educaci\u00f3n en y para la Salud<br>40. Ateneo de Pr\u00e1cticas del Lenguaje y la Literatura (<em>cursada <\/em><strong>30<\/strong>)<br>41. Ateneo de la Matem\u00e1tica (<em>cursada <\/em><strong>33<\/strong>)<br>42. Ateneo de Naturaleza y Sociedad (<em>cursadas <\/em><strong>31<\/strong>, <strong>32<\/strong>)<br>43. Ateneo de Nuevas Expresiones Est\u00e9ticas<br>44. Pr\u00e1ctica Docente IV (<strong>todo 2do a\u00f1o cursado<\/strong>&nbsp;y&nbsp;<em>acreditadas<\/em> <strong>30<\/strong>, <strong>31<\/strong>, <strong>32<\/strong>, <strong>33<\/strong>, <strong>35<\/strong>)<\/p>\n\n\n\n<p>*TFO y TADI: Nombre y contenidos de los mismos pueden variar seg\u00fan el a\u00f1o de cursada.<\/p>\n\n\n\n<p class=\"has-medium-font-size\"><strong>NOTA:<\/strong><\/p>\n\n\n\n<p class=\"has-accent-color has-base-background-color has-text-color has-background\"><strong>Al lado del nombre de algunas unidades curriculares se han consignado algunos n\u00fameros entre par\u00e9ntesis que indican N\u00b0 de materia correlativa que debe tenerse (en algunos casos se exige la CURSADA APROBADA y en otros la materia ACREDITADA, esto es, con EXAMEN FINAL RENDIDO y APROBADO).<\/strong><\/p>\n\n\n\n<p class=\"has-accent-color has-base-background-color has-text-color has-background\"><strong>Esto quiere decir que para cursar la materia que se indica se deber\u00e1 previamente, haber cursado y\/o acreditado (seg\u00fan corresponda), la materia correlativa a la misma.<\/strong><\/p>\n","protected":false},"excerpt":{"rendered":"<p>Plan autorizado por Resoluci\u00f3n N\u00b0: 4154\/07 Presentaci\u00f3n: El Profesorado de Educaci\u00f3n Inicial forma docentes para el desempe\u00f1o en el nivel inicial del sistema educativo de la Provincia de Buenos Aires. Es una carrera de 4 a\u00f1os de duraci\u00f3n; en \u00e9ste Instituto la carrera se cursa en el turno vespertino \u00fanicamente y los Espacios de la &#8230; <a title=\"Profesorado de Educaci\u00f3n Inicial\" class=\"read-more\" href=\"https:\/\/isfd100-bue.infd.edu.ar\/sitio\/profesorado-de-educacion-inicial\/\" aria-label=\"More on Profesorado de Educaci\u00f3n Inicial\">[+]<\/a><\/p>\n","protected":false},"author":579,"featured_media":0,"parent":0,"menu_order":0,"comment_status":"closed","ping_status":"closed","template":"","meta":[],"acf":[],"_links":{"self":[{"href":"https:\/\/isfd100-bue.infd.edu.ar\/sitio\/wp-json\/wp\/v2\/pages\/1241"}],"collection":[{"href":"https:\/\/isfd100-bue.infd.edu.ar\/sitio\/wp-json\/wp\/v2\/pages"}],"about":[{"href":"https:\/\/isfd100-bue.infd.edu.ar\/sitio\/wp-json\/wp\/v2\/types\/page"}],"author":[{"embeddable":true,"href":"https:\/\/isfd100-bue.infd.edu.ar\/sitio\/wp-json\/wp\/v2\/users\/579"}],"replies":[{"embeddable":true,"href":"https:\/\/isfd100-bue.infd.edu.ar\/sitio\/wp-json\/wp\/v2\/comments?post=1241"}],"version-history":[{"count":3,"href":"https:\/\/isfd100-bue.infd.edu.ar\/sitio\/wp-json\/wp\/v2\/pages\/1241\/revisions"}],"predecessor-version":[{"id":1556,"href":"https:\/\/isfd100-bue.infd.edu.ar\/sitio\/wp-json\/wp\/v2\/pages\/1241\/revisions\/1556"}],"wp:attachment":[{"href":"https:\/\/isfd100-bue.infd.edu.ar\/sitio\/wp-json\/wp\/v2\/media?parent=1241"}],"curies":[{"name":"wp","href":"https:\/\/api.w.org\/{rel}","templated":true}]}}