{"id":1239,"date":"2025-02-07T22:02:48","date_gmt":"2025-02-08T01:02:48","guid":{"rendered":"https:\/\/isfd100-bue.infd.edu.ar\/sitio\/?page_id=1239"},"modified":"2025-02-10T23:09:03","modified_gmt":"2025-02-11T02:09:03","slug":"profesorado-de-eduacion-primaria","status":"publish","type":"page","link":"https:\/\/isfd100-bue.infd.edu.ar\/sitio\/profesorado-de-eduacion-primaria\/","title":{"rendered":"Profesorado de Eduaci\u00f3n Primaria"},"content":{"rendered":"\n<div class=\"alignnormal\"><div id=\"metaslider-id-1528\" style=\"width: 100%;\" class=\"ml-slider-3-33-0 metaslider metaslider-flex metaslider-1528 ml-slider ms-theme-default\" role=\"region\" aria-roledescription=\"Slideshow\" aria-label=\"Slideshow\">\n    <div id=\"metaslider_container_1528\">\n        <div id=\"metaslider_1528\" class=\"flexslider\">\n            <ul aria-live=\"polite\" class=\"slides\">\n                <li style=\"display: block; width: 100%;\" class=\"slide-1530 ms-image\" aria-roledescription=\"slide\" aria-label=\"slide-1530\"><img src=\"https:\/\/isfd100-bue.infd.edu.ar\/sitio\/wp-content\/uploads\/2025\/02\/aula-educacion-primariapng-1-887x161.jpg\" height=\"200\" width=\"1100\" alt=\"\" class=\"slider-1528 slide-1530\" title=\"aula-educacion-primariapng-1\" \/><\/li>\n                <li style=\"display: none; width: 100%;\" class=\"slide-1532 ms-image\" aria-roledescription=\"slide\" aria-label=\"slide-1532\"><img src=\"https:\/\/isfd100-bue.infd.edu.ar\/sitio\/wp-content\/uploads\/2025\/02\/escuela-primaria-87-barrio-libertador-938x170.jpg\" height=\"200\" width=\"1100\" alt=\"\" class=\"slider-1528 slide-1532\" title=\"escuela-primaria-87-barrio-libertador\" \/><\/li>\n                <li style=\"display: none; width: 100%;\" class=\"slide-1534 ms-image\" aria-roledescription=\"slide\" aria-label=\"slide-1534\"><img src=\"https:\/\/isfd100-bue.infd.edu.ar\/sitio\/wp-content\/uploads\/2025\/02\/maxresdefault-1-1100x200.jpg\" height=\"200\" width=\"1100\" alt=\"\" class=\"slider-1528 slide-1534\" title=\"maxresdefault\" \/><\/li>\n                <li style=\"display: none; width: 100%;\" class=\"slide-1536 ms-image\" aria-roledescription=\"slide\" aria-label=\"slide-1536\"><img src=\"https:\/\/isfd100-bue.infd.edu.ar\/sitio\/wp-content\/uploads\/2025\/02\/IDZSXESRTRBT5G3X4BEPIEWSE4-1100x200.jpg\" height=\"200\" width=\"1100\" alt=\"\" class=\"slider-1528 slide-1536\" title=\"IDZSXESRTRBT5G3X4BEPIEWSE4\" \/><\/li>\n                <li style=\"display: none; width: 100%;\" class=\"slide-1538 ms-image\" aria-roledescription=\"slide\" aria-label=\"slide-1538\"><img src=\"https:\/\/isfd100-bue.infd.edu.ar\/sitio\/wp-content\/uploads\/2025\/02\/17-08-FOTO-Acto-San-Martin2-1100x200.jpeg\" height=\"200\" width=\"1100\" alt=\"\" class=\"slider-1528 slide-1538\" title=\"17-08-FOTO-Acto-San-Martin2\" \/><\/li>\n                <li style=\"display: none; width: 100%;\" class=\"slide-1540 ms-image\" aria-roledescription=\"slide\" aria-label=\"slide-1540\"><img src=\"https:\/\/isfd100-bue.infd.edu.ar\/sitio\/wp-content\/uploads\/2025\/02\/guardapolvo-1100x200.jpg\" height=\"200\" width=\"1100\" alt=\"\" class=\"slider-1528 slide-1540\" title=\"guardapolvo\" \/><\/li>\n            <\/ul>\n        <\/div>\n        \n    <\/div>\n<\/div><\/div>\n\n\n\n<figure class=\"wp-block-image\"><img decoding=\"async\" loading=\"lazy\" width=\"1249\" height=\"215\" src=\"https:\/\/isfd100-bue.infd.edu.ar\/sitio\/wp-content\/uploads\/2025\/02\/EP.png\" alt=\"\" class=\"wp-image-1235\" srcset=\"https:\/\/isfd100-bue.infd.edu.ar\/sitio\/wp-content\/uploads\/2025\/02\/EP.png 1249w, https:\/\/isfd100-bue.infd.edu.ar\/sitio\/wp-content\/uploads\/2025\/02\/EP-1000x172.png 1000w, https:\/\/isfd100-bue.infd.edu.ar\/sitio\/wp-content\/uploads\/2025\/02\/EP-768x132.png 768w\" sizes=\"(max-width: 1249px) 100vw, 1249px\" \/><\/figure>\n\n\n\n<p class=\"has-text-align-right\"><strong>Plan autorizado por Resoluci\u00f3n. N\u00b0 4154\/07<\/strong><\/p>\n\n\n\n<p class=\"has-large-font-size\"><strong>Presentaci\u00f3n:<\/strong><\/p>\n\n\n\n<p>El Profesorado de Educaci\u00f3n Primaria forma docentes para el desempe\u00f1o en el nivel primario del sistema educativo de la Provincia de Buenos Aires. Es una carrera de 4 a\u00f1os de duraci\u00f3n; en \u00e9ste Instituto la carrera se cursa en el turno vespertino \u00fanicamente y los Espacios de la Pr\u00e1ctica Docente se cursan en d\u00edas y horarios en los turnos ma\u00f1ana y\/o tarde (horarios en los que funcionan los Niveles Primarios de las escuelas a las que concurrir\u00e1n seg\u00fan el a\u00f1o de estudio y las indicaciones de los\/as docentes de Pr\u00e1ctica)<\/p>\n\n\n\n<h2 class=\"wp-block-heading\">Plan de estudios<\/h2>\n\n\n\n<p class=\"has-accent-color has-text-color has-large-font-size\"><strong>Primer a\u00f1o<\/strong><\/p>\n\n\n\n<div class=\"wp-block-group is-vertical is-layout-flex wp-container-1\">\n<p>1.- Taller de Lectura, Escritura y Oralidad<\/p>\n\n\n\n<p>2.- Taller de Pensamiento L\u00f3gico Matem\u00e1tico<\/p>\n\n\n\n<p>3.- Taller de Definici\u00f3n Institucional (TADI)<\/p>\n\n\n\n<p>4.- Filosof\u00eda<\/p>\n\n\n\n<p>5.- Did\u00e1ctica General<\/p>\n\n\n\n<p>6.- Pedagog\u00eda<\/p>\n\n\n\n<p>7.- An\u00e1lisis del Mundo Contempor\u00e1neo<\/p>\n\n\n\n<p>8.- Psicolog\u00eda del Desarrollo y el Aprendizaje I<\/p>\n\n\n\n<p>9.- Corporeidad y Motricidad<\/p>\n\n\n\n<p>10.- Arte y Educaci\u00f3n<\/p>\n\n\n\n<p>11.- Pr\u00e1ctica Docente I<\/p>\n<\/div>\n\n\n\n<p class=\"has-accent-color has-text-color has-large-font-size\"><strong>Segundo a\u00f1o<\/strong><\/p>\n\n\n\n<p>12. Teor\u00edas Sociopol\u00edticas y Educaci\u00f3n<br>13. Did\u00e1ctica y Curr\u00edculum del Nivel Primario (<em>cursada <\/em><strong>5<\/strong>)<br>14. Psicolog\u00eda del Desarrollo y el Aprendizaje II (<em>cursada <\/em><strong>8<\/strong>)<br>15. Psicolog\u00eda Social e Institucional<br>16. Cultura, Comunicaci\u00f3n y Educaci\u00f3n<br>17. Educaci\u00f3n Art\u00edstica<br>18. Did\u00e1ctica de las Pr\u00e1cticas del Lenguaje y la Literatura I<br>19. Did\u00e1ctica de las Ciencias Sociales I<br>20. Did\u00e1ctica de las Ciencias Naturales I<br>21. Did\u00e1ctica de la Matem\u00e1tica I<br>22. Pr\u00e1ctica Docente II (<em>acreditada <\/em><strong>11<\/strong>)<br>23. TFO I<\/p>\n\n\n\n<p class=\"has-accent-color has-text-color has-large-font-size\"><strong>Tercer a\u00f1o<\/strong><\/p>\n\n\n\n<p>24. Historia y Prospectiva de la Educaci\u00f3n<br>25. Pol\u00edticas, Legislaci\u00f3n y Administraci\u00f3n del Trabajo Escolar<br>26. Configuraciones Culturales del Sujeto Educativo del Nivel Primario (<em>cursada <\/em><strong>15<\/strong>)<br>27. Medios Audiovisuales, TIC\u00b4s y Educaci\u00f3n<br>28. Educaci\u00f3n F\u00edsica Escolar<br>29. Did\u00e1ctica de las Pr\u00e1cticas del Lenguaje y la Literatura II (<em>cursada <\/em><strong>18<\/strong>)<br>30. Did\u00e1ctica de las Ciencias Sociales II (<em>cursada <\/em><strong>19<\/strong>)<br>31. Did\u00e1ctica de las Ciencias Naturales II (<em>cursada <\/em><strong>20<\/strong>)<br>32. Did\u00e1ctica de la Matem\u00e1tica II (<em>cursada <\/em><strong>21<\/strong>)<br>33. Pr\u00e1ctica Docente III (<strong>todo 1er a\u00f1o cursado<\/strong> y <em>acreditadas <\/em><strong>5<\/strong>, <strong>13<\/strong>, <strong>18<\/strong>, <strong>19<\/strong>, <strong>20<\/strong>, <strong>21<\/strong>, <strong>22<\/strong>)<br>34. TFO II<\/p>\n\n\n\n<p class=\"has-accent-color has-text-color has-large-font-size\"><strong>Cuarto a\u00f1o<\/strong><\/p>\n\n\n\n<p>35. Reflexi\u00f3n Filos\u00f3fica de la Educaci\u00f3n (cursadas <strong>4<\/strong>, <strong>6<\/strong>)<br>36. Dimensi\u00f3n \u00c9tico \u2013 Pol\u00edtica de la Praxis Docente (cursada <strong>12<\/strong>)<br>37. Pedagog\u00eda Cr\u00edtica de las Diferencias<br>38. Ateneo de las Pr\u00e1cticas del Lenguaje y la Literatura&nbsp; (cursada <strong>29<\/strong>)<br>39. Ateneo de las Ciencias Sociales (cursada <strong>30<\/strong>)<br>40. Ateneo de las Ciencias Naturales (cursada <strong>31<\/strong>)<br>41. Ateneo de Matem\u00e1tica (cursada <strong>32<\/strong>)<br>42. Pr\u00e1ctica Docente IV (<strong>todo 2do a\u00f1o cursado<\/strong> y <em>acreditadas<\/em><strong> <\/strong><strong>29<\/strong>, <strong>30<\/strong>, <strong>31<\/strong>, <strong>32<\/strong>, <strong>33<\/strong>)<\/p>\n\n\n\n<p>*TFO y TADI: Nombre y contenidos de los mismos pueden variar seg\u00fan el a\u00f1o de cursada.<\/p>\n\n\n\n<p><\/p>\n\n\n\n<p><strong>NOTA: <\/strong><\/p>\n\n\n\n<p class=\"has-accent-color has-base-background-color has-text-color has-background\"><strong>Al lado del nombre de algunas unidades curriculares se han consignado algunos n\u00fameros entre par\u00e9ntesis que indican N\u00b0 de materia correlativa que debe tenerse (en algunos casos se exige la CURSADA APROBADA y en otros la materia ACREDITADA, esto es, con EXAMEN FINAL RENDIDO y APROBADO). <\/strong><\/p>\n\n\n\n<p class=\"has-accent-color has-base-background-color has-text-color has-background\"><strong>Esto quiere decir que para cursar la materia que se indica se deber\u00e1 previamente, haber cursado y\/o acreditado (seg\u00fan corresponda), la materia correlativa a la misma.<\/strong><\/p>\n","protected":false},"excerpt":{"rendered":"<p>Plan autorizado por Resoluci\u00f3n. N\u00b0 4154\/07 Presentaci\u00f3n: El Profesorado de Educaci\u00f3n Primaria forma docentes para el desempe\u00f1o en el nivel primario del sistema educativo de la Provincia de Buenos Aires. Es una carrera de 4 a\u00f1os de duraci\u00f3n; en \u00e9ste Instituto la carrera se cursa en el turno vespertino \u00fanicamente y los Espacios de la &#8230; <a title=\"Profesorado de Eduaci\u00f3n Primaria\" class=\"read-more\" href=\"https:\/\/isfd100-bue.infd.edu.ar\/sitio\/profesorado-de-eduacion-primaria\/\" aria-label=\"More on Profesorado de Eduaci\u00f3n Primaria\">[+]<\/a><\/p>\n","protected":false},"author":579,"featured_media":0,"parent":0,"menu_order":0,"comment_status":"closed","ping_status":"closed","template":"","meta":[],"acf":[],"_links":{"self":[{"href":"https:\/\/isfd100-bue.infd.edu.ar\/sitio\/wp-json\/wp\/v2\/pages\/1239"}],"collection":[{"href":"https:\/\/isfd100-bue.infd.edu.ar\/sitio\/wp-json\/wp\/v2\/pages"}],"about":[{"href":"https:\/\/isfd100-bue.infd.edu.ar\/sitio\/wp-json\/wp\/v2\/types\/page"}],"author":[{"embeddable":true,"href":"https:\/\/isfd100-bue.infd.edu.ar\/sitio\/wp-json\/wp\/v2\/users\/579"}],"replies":[{"embeddable":true,"href":"https:\/\/isfd100-bue.infd.edu.ar\/sitio\/wp-json\/wp\/v2\/comments?post=1239"}],"version-history":[{"count":7,"href":"https:\/\/isfd100-bue.infd.edu.ar\/sitio\/wp-json\/wp\/v2\/pages\/1239\/revisions"}],"predecessor-version":[{"id":1563,"href":"https:\/\/isfd100-bue.infd.edu.ar\/sitio\/wp-json\/wp\/v2\/pages\/1239\/revisions\/1563"}],"wp:attachment":[{"href":"https:\/\/isfd100-bue.infd.edu.ar\/sitio\/wp-json\/wp\/v2\/media?parent=1239"}],"curies":[{"name":"wp","href":"https:\/\/api.w.org\/{rel}","templated":true}]}}